{"id":858,"date":"2025-07-09T11:56:27","date_gmt":"2025-07-09T04:56:27","guid":{"rendered":"https:\/\/tunganhtransport.vn\/?page_id=858"},"modified":"2025-07-09T15:21:09","modified_gmt":"2025-07-09T08:21:09","slug":"dich-vu-dua-don-san-bay","status":"publish","type":"page","link":"https:\/\/tunganhtransport.vn\/?page_id=858","title":{"rendered":"D\u1ecbch V\u1ee5 \u0110\u01b0a \u0110\u00f3n S\u00e2n Bay"},"content":{"rendered":"<p><strong>D\u1ecaCH V\u1ee4 \u0110\u01afA \u0110\u00d3N S\u00c2N BAY \u2013 S\u1ef0 L\u1ef0A CH\u1eccN TIN C\u1eacY CHO M\u1eccI H\u00c0NH TR\u00ccNH<\/strong><\/p>\n<p>Trong b\u1ed1i c\u1ea3nh n\u1ec1n kinh t\u1ebf ph\u00e1t tri\u1ec3n m\u1ea1nh m\u1ebd v\u00e0 nhu c\u1ea7u di chuy\u1ec3n kh\u00f4ng ng\u1eebng gia t\u0103ng, d\u1ecbch v\u1ee5 \u0111\u01b0a \u0111\u00f3n s\u00e2n bay ng\u00e0y c\u00e0ng tr\u1edf th\u00e0nh m\u1ed9t ph\u1ea7n thi\u1ebft y\u1ebfu trong \u0111\u1eddi s\u1ed1ng hi\u1ec7n \u0111\u1ea1i. Kh\u00f4ng ch\u1ec9 ph\u1ee5c v\u1ee5 m\u1ee5c \u0111\u00edch c\u00e1 nh\u00e2n nh\u01b0 du l\u1ecbch, th\u0103m th\u00e2n, m\u00e0 c\u00f2n l\u00e0 m\u1ed9t m\u1eaft x\u00edch quan tr\u1ecdng trong c\u00e1c ho\u1ea1t \u0111\u1ed9ng c\u00f4ng t\u00e1c, th\u01b0\u01a1ng m\u1ea1i, h\u1ed9i ngh\u1ecb. Hi\u1ec3u \u0111\u01b0\u1ee3c t\u1ea7m quan tr\u1ecdng \u0111\u00f3, C\u00d4NG TY TNHH \u0110\u1ea6U T\u01af TH\u01af\u01a0NG M\u1ea0I &#038; DU L\u1ecaCH T\u00d9NG ANH \u0111\u00e3 kh\u00f4ng ng\u1eebng ho\u00e0n thi\u1ec7n v\u00e0 n\u00e2ng cao ch\u1ea5t l\u01b0\u1ee3ng d\u1ecbch v\u1ee5 \u0111\u01b0a \u0111\u00f3n s\u00e2n bay chuy\u00ean nghi\u1ec7p, nh\u1eb1m mang l\u1ea1i s\u1ef1 an t\u00e2m v\u00e0 h\u00e0i l\u00f2ng tuy\u1ec7t \u0111\u1ed1i cho kh\u00e1ch h\u00e0ng tr\u00ean m\u1ed7i ch\u1eb7ng \u0111\u01b0\u1eddng.<\/p>\n<p><img loading=\"lazy\" src=\"https:\/\/tunganhtransport.vn\/wp-content\/uploads\/2025\/07\/1-18.jpg\" alt=\"\" width=\"1920\" height=\"986\" class=\"alignnone size-full wp-image-866\" srcset=\"https:\/\/tunganhtransport.vn\/wp-content\/uploads\/2025\/07\/1-18.jpg 1920w, https:\/\/tunganhtransport.vn\/wp-content\/uploads\/2025\/07\/1-18-779x400.jpg 779w, https:\/\/tunganhtransport.vn\/wp-content\/uploads\/2025\/07\/1-18-1400x719.jpg 1400w, https:\/\/tunganhtransport.vn\/wp-content\/uploads\/2025\/07\/1-18-768x394.jpg 768w, https:\/\/tunganhtransport.vn\/wp-content\/uploads\/2025\/07\/1-18-1536x789.jpg 1536w, https:\/\/tunganhtransport.vn\/wp-content\/uploads\/2025\/07\/1-18-600x308.jpg 600w\" sizes=\"(max-width: 1920px) 100vw, 1920px\" \/><\/p>\n<p><strong>1. D\u1ecbch v\u1ee5 \u0111\u01b0a \u0111\u00f3n s\u00e2n bay \u2013 Gi\u1ea3i ph\u00e1p v\u1eadn chuy\u1ec3n hi\u1ec7u qu\u1ea3 v\u00e0 \u0111\u1eb3ng c\u1ea5p<\/strong><br \/>\nD\u1ecbch v\u1ee5 \u0111\u01b0a \u0111\u00f3n s\u00e2n bay c\u1ee7a T\u00f9ng Anh Transport \u0111\u01b0\u1ee3c thi\u1ebft k\u1ebf nh\u01b0 m\u1ed9t gi\u1ea3i ph\u00e1p v\u1eadn chuy\u1ec3n to\u00e0n di\u1ec7n, ph\u1ee5c v\u1ee5 m\u1ecdi \u0111\u1ed1i t\u01b0\u1ee3ng kh\u00e1ch h\u00e0ng t\u1eeb c\u00e1 nh\u00e2n, nh\u00f3m nh\u1ecf cho t\u1edbi doanh nghi\u1ec7p v\u00e0 t\u1ed5 ch\u1ee9c l\u1edbn. Ch\u00fang t\u00f4i cung c\u1ea5p c\u00e1c chuy\u1ebfn xe \u0111\u01b0a \u0111\u00f3n t\u1eeb trung t\u00e2m H\u00e0 N\u1ed9i v\u00e0 c\u00e1c khu v\u1ef1c l\u00e2n c\u1eadn \u0111\u1ebfn c\u00e1c s\u00e2n bay l\u1edbn nh\u01b0 N\u1ed9i B\u00e0i, C\u00e1t Bi, V\u00e2n \u0110\u1ed3n, v\u00e0 ng\u01b0\u1ee3c l\u1ea1i, v\u1edbi th\u1eddi gian linh ho\u1ea1t, ph\u01b0\u01a1ng ti\u1ec7n hi\u1ec7n \u0111\u1ea1i v\u00e0 phong c\u00e1ch ph\u1ee5c v\u1ee5 chuy\u00ean nghi\u1ec7p.<\/p>\n<p><strong>2. Nh\u1eefng cam k\u1ebft n\u1ed5i b\u1eadt c\u1ee7a d\u1ecbch v\u1ee5 \u0111\u01b0a \u0111\u00f3n s\u00e2n bay T\u00f9ng Anh Transport<\/strong><br \/>\nCh\u00fang t\u00f4i lu\u00f4n n\u1ed7 l\u1ef1c ph\u00e1t tri\u1ec3n d\u1ecbch v\u1ee5 tr\u00ean n\u1ec1n t\u1ea3ng ch\u1ea5t l\u01b0\u1ee3ng v\u00e0 ni\u1ec1m tin, v\u1edbi c\u00e1c cam k\u1ebft r\u00f5 r\u00e0ng v\u00e0 th\u1ef1c t\u1ebf, th\u1ec3 hi\u1ec7n qua t\u1eebng y\u1ebfu t\u1ed1 sau:<br \/>\n\u25cf \u0110\u00fang gi\u1edd \u2013 Ch\u00ednh x\u00e1c tuy\u1ec7t \u0111\u1ed1i<br \/>\nT\u00f9ng Anh Transport cam k\u1ebft \u0111\u01b0a \u0111\u00f3n kh\u00e1ch \u0111\u00fang gi\u1edd v\u00e0 \u0111\u00fang \u0111\u1ecba \u0111i\u1ec3m, b\u1ea5t k\u1ec3 \u0111i\u1ec1u ki\u1ec7n giao th\u00f4ng hay th\u1eddi ti\u1ebft. \u0110i\u1ec1u n\u00e0y kh\u00f4ng ch\u1ec9 gi\u00fap kh\u00e1ch h\u00e0ng ch\u1ee7 \u0111\u1ed9ng trong l\u1ecbch tr\u00ecnh c\u00e1 nh\u00e2n m\u00e0 c\u00f2n \u0111\u1ea3m b\u1ea3o s\u1ef1 k\u1ebft n\u1ed1i li\u1ec1n m\u1ea1ch gi\u1eefa c\u00e1c ho\u1ea1t \u0111\u1ed9ng quan tr\u1ecdng nh\u01b0 c\u00f4ng t\u00e1c, h\u1ed9i h\u1ecdp hay c\u00e1c chuy\u1ebfn bay qu\u1ed1c t\u1ebf<br \/>\n\u25cf Ph\u01b0\u01a1ng ti\u1ec7n sang tr\u1ecdng \u2013 \u0110\u1ea7y \u0111\u1ee7 ti\u1ec7n nghi<br \/>\nCh\u00fang t\u00f4i s\u1edf h\u1eefu \u0111\u1ed9i xe t\u1eeb 4 \u0111\u1ebfn 45 ch\u1ed7 ng\u1ed3i, bao g\u1ed3m c\u00e1c d\u00f2ng xe t\u1eeb ph\u1ed5 th\u00f4ng \u0111\u1ebfn cao c\u1ea5p. T\u1ea5t c\u1ea3 c\u00e1c ph\u01b0\u01a1ng ti\u1ec7n \u0111\u1ec1u \u0111\u01b0\u1ee3c b\u1ea3o d\u01b0\u1ee1ng \u0111\u1ecbnh k\u1ef3, v\u1ec7 sinh s\u1ea1ch s\u1ebd, n\u1ed9i th\u1ea5t ti\u1ec7n nghi v\u00e0 trang b\u1ecb hi\u1ec7n \u0111\u1ea1i nh\u01b0 \u0111i\u1ec1u h\u00f2a hai chi\u1ec1u, gh\u1ebf ng\u1ed3i \u00eam \u00e1i, k\u1ebft n\u1ed1i wifi, h\u1ec7 th\u1ed1ng \u0111\u1ecbnh v\u1ecb GPS,&#8230; nh\u1eb1m \u0111\u1ea3m b\u1ea3o mang l\u1ea1i s\u1ef1 tho\u1ea3i m\u00e1i t\u1ed1i \u0111a cho kh\u00e1ch h\u00e0ng trong su\u1ed1t h\u00e0nh tr\u00ecnh.<br \/>\n\u25cf H\u1ed7 tr\u1ee3 t\u01b0 v\u1ea5n l\u1ecbch tr\u00ecnh linh ho\u1ea1t<br \/>\n\u0110\u1ed9i ng\u0169 nh\u00e2n vi\u00ean t\u01b0 v\u1ea5n c\u1ee7a T\u00f9ng Anh Transport s\u1ebd ch\u1ee7 \u0111\u1ed9ng li\u00ean h\u1ec7 \u0111\u1ec3 h\u1ed7 tr\u1ee3 x\u00e2y d\u1ef1ng k\u1ebf ho\u1ea1ch \u0111\u01b0a \u0111\u00f3n ph\u00f9 h\u1ee3p v\u1edbi l\u1ecbch bay th\u1ef1c t\u1ebf, \u0111\u1ea3m b\u1ea3o s\u1ef1 thu\u1eadn ti\u1ec7n v\u00e0 t\u1ed1i \u01b0u th\u1eddi gian nh\u1ea5t cho t\u1eebng kh\u00e1ch h\u00e0ng<br \/>\n\u25cf V\u1eadn chuy\u1ec3n h\u00e0nh l\u00fd an to\u00e0n, nhanh ch\u00f3ng<br \/>\nCh\u00fang t\u00f4i hi\u1ec3u r\u1eb1ng h\u00e0nh l\u00fd kh\u00f4ng ch\u1ec9 l\u00e0 v\u1eadt d\u1ee5ng \u0111i k\u00e8m, m\u00e0 c\u00f2n ch\u1ee9a \u0111\u1ef1ng nh\u1eefng gi\u00e1 tr\u1ecb tinh th\u1ea7n v\u00e0 c\u00f4ng vi\u1ec7c quan tr\u1ecdng. Ch\u00ednh v\u00ec v\u1eady, T\u00f9ng Anh Transport lu\u00f4n c\u00f3 quy tr\u00ecnh h\u1ed7 tr\u1ee3 b\u1ed1c x\u1ebfp v\u00e0 v\u1eadn chuy\u1ec3n h\u00e0nh l\u00fd c\u1ea9n th\u1eadn, chuy\u00ean nghi\u1ec7p, tr\u00e1nh t\u1ed1i \u0111a r\u1ee7i ro th\u1ea5t l\u1ea1c hay h\u01b0 h\u1ea1i, mang \u0111\u1ebfn s\u1ef1 y\u00ean t\u00e2m tuy\u1ec7t \u0111\u1ed1i cho kh\u00e1ch h\u00e0ng.<\/p>\n<p><strong>3. \u0110\u1ed9i ng\u0169 l\u00e1i xe \u2013 T\u1eadn t\u00e2m, chuy\u00ean nghi\u1ec7p v\u00e0 \u0111\u1ea1t chu\u1ea9n qu\u1ed1c t\u1ebf<\/strong><\/p>\n<p><img loading=\"lazy\" src=\"https:\/\/tunganhtransport.vn\/wp-content\/uploads\/2025\/07\/2-17.jpg\" alt=\"\" width=\"1920\" height=\"986\" class=\"alignnone size-full wp-image-867\" srcset=\"https:\/\/tunganhtransport.vn\/wp-content\/uploads\/2025\/07\/2-17.jpg 1920w, https:\/\/tunganhtransport.vn\/wp-content\/uploads\/2025\/07\/2-17-779x400.jpg 779w, https:\/\/tunganhtransport.vn\/wp-content\/uploads\/2025\/07\/2-17-1400x719.jpg 1400w, https:\/\/tunganhtransport.vn\/wp-content\/uploads\/2025\/07\/2-17-768x394.jpg 768w, https:\/\/tunganhtransport.vn\/wp-content\/uploads\/2025\/07\/2-17-1536x789.jpg 1536w, https:\/\/tunganhtransport.vn\/wp-content\/uploads\/2025\/07\/2-17-600x308.jpg 600w\" sizes=\"(max-width: 1920px) 100vw, 1920px\" \/><br \/>\nM\u1ed9t trong nh\u1eefng y\u1ebfu t\u1ed1 l\u00e0m n\u00ean th\u01b0\u01a1ng hi\u1ec7u T\u00f9ng Anh Transport ch\u00ednh l\u00e0 \u0111\u1ed9i ng\u0169 t\u00e0i x\u1ebf ch\u1ea5t l\u01b0\u1ee3ng cao, \u0111\u01b0\u1ee3c tuy\u1ec3n ch\u1ecdn k\u1ef9 l\u01b0\u1ee1ng v\u00e0 \u0111\u00e0o t\u1ea1o b\u00e0i b\u1ea3n. M\u1ed7i t\u00e0i x\u1ebf c\u1ee7a ch\u00fang t\u00f4i \u0111\u1ec1u:<br \/>\n\u2022\tC\u00f3 kinh nghi\u1ec7m l\u00e1i xe l\u00e2u n\u0103m, am hi\u1ec3u \u0111\u1ecba h\u00ecnh, \u0111\u01b0\u1eddng s\u00e1 v\u00e0 c\u00f3 kh\u1ea3 n\u0103ng x\u1eed l\u00fd t\u00ecnh hu\u1ed1ng giao th\u00f4ng linh ho\u1ea1t.<br \/>\n\u2022\tGiao ti\u1ebfp t\u1ed1t b\u1eb1ng ti\u1ebfng Anh, \u0111\u1eb7c bi\u1ec7t ph\u00f9 h\u1ee3p v\u1edbi c\u00e1c chuy\u1ebfn \u0111\u00f3n ti\u1ec5n \u0111\u1ed1i t\u00e1c, chuy\u00ean gia n\u01b0\u1edbc ngo\u00e0i.<br \/>\n\u2022\tTh\u00e1i \u0111\u1ed9 ph\u1ee5c v\u1ee5 chuy\u00ean nghi\u1ec7p, l\u1ecbch thi\u1ec7p v\u00e0 t\u1eadn t\u00ecnh, lu\u00f4n s\u1eb5n s\u00e0ng h\u1ed7 tr\u1ee3 kh\u00e1ch h\u00e0ng trong su\u1ed1t qu\u00e1 tr\u00ecnh di chuy\u1ec3n.<br \/>\nT\u00f9ng Anh Transport lu\u00f4n \u0111\u1eb7t y\u1ebfu t\u1ed1 con ng\u01b0\u1eddi l\u00e0m tr\u1ecdng t\u00e2m, b\u1edfi ch\u00fang t\u00f4i tin r\u1eb1ng m\u1ed9t ng\u01b0\u1eddi l\u00e1i xe gi\u1ecfi kh\u00f4ng ch\u1ec9 l\u00e0 ng\u01b0\u1eddi \u0111i\u1ec1u khi\u1ec3n ph\u01b0\u01a1ng ti\u1ec7n an to\u00e0n, m\u00e0 c\u00f2n l\u00e0 ng\u01b0\u1eddi b\u1ea1n \u0111\u1ed3ng h\u00e0nh chu \u0111\u00e1o v\u00e0 tinh t\u1ebf.<\/p>\n<p><strong>4. D\u1ecbch v\u1ee5 ho\u1ea1t \u0111\u1ed9ng 24\/7 \u2013 Ph\u1ee5c v\u1ee5 m\u1ecdi khung gi\u1edd, kh\u00f4ng k\u1ec3 l\u1ec5 T\u1ebft<\/strong><br \/>\nCh\u00fang t\u00f4i hi\u1ec3u r\u1eb1ng c\u00e1c chuy\u1ebfn bay c\u00f3 th\u1ec3 di\u1ec5n ra v\u00e0o b\u1ea5t k\u1ef3 th\u1eddi \u0111i\u1ec3m n\u00e0o trong ng\u00e0y, k\u1ec3 c\u1ea3 n\u1eeda \u0111\u00eam hay r\u1ea1ng s\u00e1ng. V\u00ec v\u1eady, d\u1ecbch v\u1ee5 \u0111\u01b0a \u0111\u00f3n s\u00e2n bay c\u1ee7a T\u00f9ng Anh Transport ho\u1ea1t \u0111\u1ed9ng 24\/7, k\u1ec3 c\u1ea3 trong c\u00e1c d\u1ecbp cao \u0111i\u1ec3m nh\u01b0 l\u1ec5, T\u1ebft, ng\u00e0y ngh\u1ec9 cu\u1ed1i tu\u1ea7n.<br \/>\n\u0110\u1ed9i ng\u0169 \u0111i\u1ec1u ph\u1ed1i vi\u00ean, t\u00e0i x\u1ebf v\u00e0 ch\u0103m s\u00f3c kh\u00e1ch h\u00e0ng lu\u00f4n tr\u1ef1c tuy\u1ebfn v\u00e0 s\u1eb5n s\u00e0ng h\u1ed7 tr\u1ee3 kh\u00e1ch h\u00e0ng m\u1ecdi l\u00fac, m\u1ecdi n\u01a1i \u2013 \u0111\u1ea3m b\u1ea3o m\u1ecdi h\u00e0nh tr\u00ecnh \u0111\u1ec1u kh\u1edfi \u0111\u1ea7u v\u1edbi s\u1ef1 ch\u1ee7 \u0111\u1ed9ng v\u00e0 an to\u00e0n.<\/p>\n<p><img loading=\"lazy\" src=\"https:\/\/tunganhtransport.vn\/wp-content\/uploads\/2025\/07\/3-17.jpg\" alt=\"\" width=\"1920\" height=\"986\" class=\"alignnone size-full wp-image-868\" srcset=\"https:\/\/tunganhtransport.vn\/wp-content\/uploads\/2025\/07\/3-17.jpg 1920w, https:\/\/tunganhtransport.vn\/wp-content\/uploads\/2025\/07\/3-17-779x400.jpg 779w, https:\/\/tunganhtransport.vn\/wp-content\/uploads\/2025\/07\/3-17-1400x719.jpg 1400w, https:\/\/tunganhtransport.vn\/wp-content\/uploads\/2025\/07\/3-17-768x394.jpg 768w, https:\/\/tunganhtransport.vn\/wp-content\/uploads\/2025\/07\/3-17-1536x789.jpg 1536w, https:\/\/tunganhtransport.vn\/wp-content\/uploads\/2025\/07\/3-17-600x308.jpg 600w\" sizes=\"(max-width: 1920px) 100vw, 1920px\" \/><br \/>\n<strong>C\u00d4NG TY TNHH \u0110\u1ea6U T\u01af TH\u01af\u01a0NG M\u1ea0I V\u00c0 DU L\u1ecaCH T\u00d9NG ANH<\/strong><br \/>\nV\u1edbi ph\u01b0\u01a1ng ch\u00e2m ho\u1ea1t \u0111\u1ed9ng \u201cChuy\u00ean nghi\u1ec7p \u2013 An to\u00e0n \u2013 Ti\u1ec7n l\u1ee3i\u201d, d\u1ecbch v\u1ee5 \u0111\u01b0a \u0111\u00f3n s\u00e2n bay c\u1ee7a T\u00f9ng Anh Transport kh\u00f4ng ch\u1ec9 l\u00e0 m\u1ed9t l\u1ef1a ch\u1ecdn di chuy\u1ec3n, m\u00e0 c\u00f2n l\u00e0 gi\u1ea3i ph\u00e1p v\u1eadn chuy\u1ec3n t\u1ed1i \u01b0u mang \u0111\u1ebfn s\u1ef1 an t\u00e2m, ch\u00ednh x\u00e1c v\u00e0 t\u1eadn t\u00e2m trong t\u1eebng chi ti\u1ebft. T\u1eebng kh\u00e1ch h\u00e0ng \u0111\u1ebfn v\u1edbi ch\u00fang t\u00f4i kh\u00f4ng \u0111\u01a1n thu\u1ea7n l\u00e0 ng\u01b0\u1eddi s\u1eed d\u1ee5ng d\u1ecbch v\u1ee5, m\u00e0 l\u00e0 \u0111\u1ed1i t\u00e1c \u0111\u1ed3ng h\u00e0nh l\u00e2u d\u00e0i tr\u00ean m\u1ed7i h\u00e0nh tr\u00ecnh.<br \/>\n<em>T\u00f9ng Anh Transport \u2013 Kh\u1edfi \u0111\u1ea7u v\u1eefng v\u00e0ng cho m\u1ed7i chuy\u1ebfn bay an t\u00e2m.<\/em><\/p>\n","protected":false},"excerpt":{"rendered":"<p>D\u1ecaCH V\u1ee4 \u0110\u01afA \u0110\u00d3N S\u00c2N BAY \u2013 S\u1ef0 L\u1ef0A CH\u1eccN TIN C\u1eacY CHO M\u1eccI H\u00c0NH TR\u00ccNH Trong b\u1ed1i c\u1ea3nh n\u1ec1n kinh t\u1ebf ph\u00e1t tri\u1ec3n m\u1ea1nh m\u1ebd v\u00e0 nhu c\u1ea7u di chuy\u1ec3n kh\u00f4ng ng\u1eebng gia t\u0103ng, d\u1ecbch v\u1ee5 \u0111\u01b0a \u0111\u00f3n s\u00e2n bay ng\u00e0y c\u00e0ng tr\u1edf th\u00e0nh m\u1ed9t ph\u1ea7n thi\u1ebft y\u1ebfu trong \u0111\u1eddi s\u1ed1ng hi\u1ec7n \u0111\u1ea1i. Kh\u00f4ng [&#8230;]\n","protected":false},"author":1,"featured_media":870,"parent":229,"menu_order":0,"comment_status":"closed","ping_status":"closed","template":"","meta":[],"acf":[],"_links":{"self":[{"href":"https:\/\/tunganhtransport.vn\/index.php?rest_route=\/wp\/v2\/pages\/858"}],"collection":[{"href":"https:\/\/tunganhtransport.vn\/index.php?rest_route=\/wp\/v2\/pages"}],"about":[{"href":"https:\/\/tunganhtransport.vn\/index.php?rest_route=\/wp\/v2\/types\/page"}],"author":[{"embeddable":true,"href":"https:\/\/tunganhtransport.vn\/index.php?rest_route=\/wp\/v2\/users\/1"}],"replies":[{"embeddable":true,"href":"https:\/\/tunganhtransport.vn\/index.php?rest_route=%2Fwp%2Fv2%2Fcomments&post=858"}],"version-history":[{"count":4,"href":"https:\/\/tunganhtransport.vn\/index.php?rest_route=\/wp\/v2\/pages\/858\/revisions"}],"predecessor-version":[{"id":865,"href":"https:\/\/tunganhtransport.vn\/index.php?rest_route=\/wp\/v2\/pages\/858\/revisions\/865"}],"up":[{"embeddable":true,"href":"https:\/\/tunganhtransport.vn\/index.php?rest_route=\/wp\/v2\/pages\/229"}],"wp:featuredmedia":[{"embeddable":true,"href":"https:\/\/tunganhtransport.vn\/index.php?rest_route=\/wp\/v2\/media\/870"}],"wp:attachment":[{"href":"https:\/\/tunganhtransport.vn\/index.php?rest_route=%2Fwp%2Fv2%2Fmedia&parent=858"}],"curies":[{"name":"wp","href":"https:\/\/api.w.org\/{rel}","templated":true}]}}