{"id":856,"date":"2025-07-09T11:55:46","date_gmt":"2025-07-09T04:55:46","guid":{"rendered":"https:\/\/tunganhtransport.vn\/?page_id=856"},"modified":"2025-07-09T15:27:50","modified_gmt":"2025-07-09T08:27:50","slug":"dich-vu-van-chuyen-khach-du-lich","status":"publish","type":"page","link":"https:\/\/tunganhtransport.vn\/?page_id=856","title":{"rendered":"D\u1ecbch V\u1ee5 V\u1eadn Chuy\u1ec3n Kh\u00e1ch Du L\u1ecbch"},"content":{"rendered":"<p><strong>T\u00d9NG ANH TRANSPORT\u2013 GI\u1ea2I PH\u00c1P V\u1eacN T\u1ea2I DU L\u1ecaCH AN TO\u00c0N, CHUY\u00caN NGHI\u1ec6P V\u00c0 \u0110\u1eb2NG C\u1ea4P<\/strong><\/p>\n<p>Trong s\u1ef1 ph\u00e1t tri\u1ec3n m\u1ea1nh m\u1ebd c\u1ee7a ng\u00e0nh du l\u1ecbch hi\u1ec7n nay, vai tr\u00f2 c\u1ee7a d\u1ecbch v\u1ee5 v\u1eadn chuy\u1ec3n h\u00e0nh kh\u00e1ch du l\u1ecbch ng\u00e0y c\u00e0ng tr\u1edf n\u00ean thi\u1ebft y\u1ebfu v\u00e0 mang t\u00ednh chi\u1ebfn l\u01b0\u1ee3c. M\u1ed9t h\u00e0nh tr\u00ecnh tr\u1ecdn v\u1eb9n kh\u00f4ng ch\u1ec9 ph\u1ee5 thu\u1ed9c v\u00e0o \u0111i\u1ec3m \u0111\u1ebfn, m\u00e0 c\u00f2n \u0111\u01b0\u1ee3c quy\u1ebft \u0111\u1ecbnh b\u1edfi ch\u1ea5t l\u01b0\u1ee3ng ph\u01b0\u01a1ng ti\u1ec7n v\u00e0 d\u1ecbch v\u1ee5 di chuy\u1ec3n.<br \/>\nV\u1edbi t\u00e2m huy\u1ebft ki\u1ebfn t\u1ea1o m\u1ed9t chu\u1ea9n m\u1ef1c m\u1edbi cho ng\u00e0nh v\u1eadn t\u1ea3i du l\u1ecbch, C\u00f4ng ty TNHH \u0110\u1ea7u t\u01b0 Th\u01b0\u01a1ng m\u1ea1i &#038; Du l\u1ecbch T\u00f9ng Anh (T\u00f9ng Anh Transport) \u0111\u00e3 kh\u00f4ng ng\u1eebng \u0111\u1ea7u t\u01b0 v\u00e0 ho\u00e0n thi\u1ec7n d\u1ecbch v\u1ee5 v\u1eadn chuy\u1ec3n h\u00e0nh kh\u00e1ch du l\u1ecbch b\u1eb1ng \u00f4 t\u00f4, tr\u1edf th\u00e0nh m\u1ed9t trong nh\u1eefng c\u00f4ng ty v\u1eadn t\u1ea3i du l\u1ecbch uy t\u00edn h\u00e0ng \u0111\u1ea7u t\u1ea1i H\u00e0 N\u1ed9i.<\/p>\n<p><img loading=\"lazy\" src=\"https:\/\/tunganhtransport.vn\/wp-content\/uploads\/2025\/07\/1-19.jpg\" alt=\"\" width=\"1920\" height=\"986\" class=\"alignnone size-full wp-image-874\" srcset=\"https:\/\/tunganhtransport.vn\/wp-content\/uploads\/2025\/07\/1-19.jpg 1920w, https:\/\/tunganhtransport.vn\/wp-content\/uploads\/2025\/07\/1-19-779x400.jpg 779w, https:\/\/tunganhtransport.vn\/wp-content\/uploads\/2025\/07\/1-19-1400x719.jpg 1400w, https:\/\/tunganhtransport.vn\/wp-content\/uploads\/2025\/07\/1-19-768x394.jpg 768w, https:\/\/tunganhtransport.vn\/wp-content\/uploads\/2025\/07\/1-19-1536x789.jpg 1536w, https:\/\/tunganhtransport.vn\/wp-content\/uploads\/2025\/07\/1-19-600x308.jpg 600w\" sizes=\"(max-width: 1920px) 100vw, 1920px\" \/><br \/>\nH\u1ec7 th\u1ed1ng xe du l\u1ecbch hi\u1ec7n \u0111\u1ea1i \u2013 Ti\u1ec7n nghi v\u01b0\u1ee3t tr\u1ed9i tr\u00ean t\u1eebng cung \u0111\u01b0\u1eddng<br \/>\nT\u00f9ng Anh Transport t\u1ef1 h\u00e0o s\u1edf h\u1eefu \u0111\u1ed9i xe \u0111\u1ed3ng b\u1ed9, \u0111a d\u1ea1ng t\u1eeb 4 \u0111\u1ebfn 45 ch\u1ed7, \u0111\u00e1p \u1ee9ng linh ho\u1ea1t m\u1ecdi nhu c\u1ea7u thu\u00ea xe \u0111i tour, ph\u1ee5c v\u1ee5 c\u00e1c tuy\u1ebfn du l\u1ecbch trong v\u00e0 ngo\u00e0i th\u00e0nh ph\u1ed1. To\u00e0n b\u1ed9 ph\u01b0\u01a1ng ti\u1ec7n \u0111\u01b0\u1ee3c tuy\u1ec3n ch\u1ecdn v\u00e0 b\u1ea3o tr\u00ec nghi\u00eam ng\u1eb7t, \u0111\u1ea3m b\u1ea3o an to\u00e0n v\u1eadn h\u00e0nh v\u00e0 ch\u1ea5t l\u01b0\u1ee3ng d\u1ecbch v\u1ee5 theo chu\u1ea9n ng\u00e0nh v\u1eadn t\u1ea3i h\u00e0nh kh\u00e1ch chuy\u00ean nghi\u1ec7p.<\/p>\n<p><img loading=\"lazy\" src=\"https:\/\/tunganhtransport.vn\/wp-content\/uploads\/2025\/07\/2-18.jpg\" alt=\"\" width=\"1920\" height=\"986\" class=\"alignnone size-full wp-image-875\" srcset=\"https:\/\/tunganhtransport.vn\/wp-content\/uploads\/2025\/07\/2-18.jpg 1920w, https:\/\/tunganhtransport.vn\/wp-content\/uploads\/2025\/07\/2-18-779x400.jpg 779w, https:\/\/tunganhtransport.vn\/wp-content\/uploads\/2025\/07\/2-18-1400x719.jpg 1400w, https:\/\/tunganhtransport.vn\/wp-content\/uploads\/2025\/07\/2-18-768x394.jpg 768w, https:\/\/tunganhtransport.vn\/wp-content\/uploads\/2025\/07\/2-18-1536x789.jpg 1536w, https:\/\/tunganhtransport.vn\/wp-content\/uploads\/2025\/07\/2-18-600x308.jpg 600w\" sizes=\"(max-width: 1920px) 100vw, 1920px\" \/><br \/>\n<strong>C\u00e1c d\u00f2ng xe du l\u1ecbch c\u1ee7a T\u00f9ng Anh Transport \u0111\u01b0\u1ee3c trang b\u1ecb:<\/strong><br \/>\n\u2022\tGh\u1ebf ng\u1ed3i b\u1ecdc da cao c\u1ea5p, c\u00f3 ch\u1ee9c n\u0103ng ng\u1ea3 linh ho\u1ea1t, gi\u00fap h\u00e0nh kh\u00e1ch ngh\u1ec9 ng\u01a1i tho\u1ea3i m\u00e1i trong nh\u1eefng chuy\u1ebfn \u0111i d\u00e0i.<br \/>\n\u2022\tH\u1ec7 th\u1ed1ng \u0111i\u1ec1u h\u00f2a 2 chi\u1ec1u, l\u1ecdc kh\u00ed v\u00e0 kh\u1eed m\u00f9i t\u1ef1 \u0111\u1ed9ng, mang l\u1ea1i kh\u00f4ng kh\u00ed d\u1ec5 ch\u1ecbu v\u00e0 trong l\u00e0nh trong su\u1ed1t h\u00e0nh tr\u00ecnh.<br \/>\n\u2022\tKhoang h\u00e0nh l\u00fd r\u1ed9ng r\u00e3i, ph\u00f9 h\u1ee3p v\u1edbi c\u00e1c \u0111o\u00e0n du l\u1ecbch c\u1ea7n mang theo nhi\u1ec1u v\u1eadt d\u1ee5ng.<br \/>\n\u2022\tTi\u1ec7n \u00edch hi\u1ec7n \u0111\u1ea1i: m\u00e0n h\u00ecnh gi\u1ea3i tr\u00ed, wifi, micro h\u01b0\u1edbng d\u1eabn vi\u00ean, n\u01b0\u1edbc u\u1ed1ng, kh\u0103n l\u1ea1nh&#8230; \u0111\u01b0\u1ee3c chu\u1ea9n b\u1ecb \u0111\u1ea7y \u0111\u1ee7.<br \/>\n\u2022\tB\u1ea3o d\u01b0\u1ee1ng \u0111\u1ecbnh k\u1ef3, v\u1ec7 sinh k\u1ef9 l\u01b0\u1ee1ng tr\u01b0\u1edbc m\u1ed7i chuy\u1ebfn \u0111i \u2013 \u0111\u1ea3m b\u1ea3o xe lu\u00f4n s\u1ea1ch s\u1ebd, v\u1eadn h\u00e0nh \u1ed5n \u0111\u1ecbnh v\u00e0 \u0111\u00fang ti\u00eau chu\u1ea9n an to\u00e0n.<br \/>\nCh\u00ednh s\u1ef1 \u0111\u1ea7u t\u01b0 b\u00e0i b\u1ea3n v\u00e0o ph\u01b0\u01a1ng ti\u1ec7n \u0111\u00e3 gi\u00fap T\u00f9ng Anh Transport kh\u00f4ng ch\u1ec9 \u0111\u00e1p \u1ee9ng t\u1ed1t nhu c\u1ea7u di chuy\u1ec3n th\u00f4ng th\u01b0\u1eddng, m\u00e0 c\u00f2n t\u1ea1o n\u00ean gi\u00e1 tr\u1ecb kh\u00e1c bi\u1ec7t cho h\u00e0nh kh\u00e1ch trong t\u1eebng chuy\u1ebfn \u0111i.<\/p>\n<p><strong>D\u1ecbch v\u1ee5 v\u1eadn t\u1ea3i h\u00e0nh kh\u00e1ch chuy\u00ean nghi\u1ec7p \u2013 Cam k\u1ebft t\u1eeb ch\u1ea5t l\u01b0\u1ee3ng \u0111\u1ebfn con ng\u01b0\u1eddi<\/strong><\/p>\n<p>Kh\u00f4ng d\u1eebng l\u1ea1i \u1edf vi\u1ec7c cung c\u1ea5p ph\u01b0\u01a1ng ti\u1ec7n, T\u00f9ng Anh Transport \u0111\u1eb7c bi\u1ec7t ch\u00fa tr\u1ecdng \u0111\u1ebfn y\u1ebfu t\u1ed1 con ng\u01b0\u1eddi \u2013 nh\u00e2n t\u1ed1 c\u1ed1t l\u00f5i t\u1ea1o n\u00ean d\u1ecbch v\u1ee5 v\u1eadn t\u1ea3i h\u00e0nh kh\u00e1ch chuy\u00ean nghi\u1ec7p. \u0110\u1ed9i ng\u0169 l\u00e1i xe v\u00e0 nh\u00e2n vi\u00ean ph\u1ee5c v\u1ee5 tr\u00ean xe \u0111\u1ec1u l\u00e0 nh\u1eefng ng\u01b0\u1eddi \u0111\u01b0\u1ee3c \u0111\u00e0o t\u1ea1o b\u00e0i b\u1ea3n, c\u00f3 th\u00e1i \u0111\u1ed9 ph\u1ee5c v\u1ee5 t\u1eadn t\u00e2m v\u00e0 kinh nghi\u1ec7m th\u1ef1c ti\u1ec5n d\u00e0y d\u1eb7n trong ng\u00e0nh v\u1eadn t\u1ea3i du l\u1ecbch.<\/p>\n<p><img loading=\"lazy\" src=\"https:\/\/tunganhtransport.vn\/wp-content\/uploads\/2025\/07\/3-18.jpg\" alt=\"\" width=\"1920\" height=\"986\" class=\"alignnone size-full wp-image-876\" srcset=\"https:\/\/tunganhtransport.vn\/wp-content\/uploads\/2025\/07\/3-18.jpg 1920w, https:\/\/tunganhtransport.vn\/wp-content\/uploads\/2025\/07\/3-18-779x400.jpg 779w, https:\/\/tunganhtransport.vn\/wp-content\/uploads\/2025\/07\/3-18-1400x719.jpg 1400w, https:\/\/tunganhtransport.vn\/wp-content\/uploads\/2025\/07\/3-18-768x394.jpg 768w, https:\/\/tunganhtransport.vn\/wp-content\/uploads\/2025\/07\/3-18-1536x789.jpg 1536w, https:\/\/tunganhtransport.vn\/wp-content\/uploads\/2025\/07\/3-18-600x308.jpg 600w\" sizes=\"(max-width: 1920px) 100vw, 1920px\" \/><br \/>\n<strong>\u0110\u1ed9i ng\u0169 nh\u00e2n s\u1ef1 c\u1ee7a T\u00f9ng Anh Transport \u0111\u01b0\u1ee3c hu\u1ea5n luy\u1ec7n chuy\u00ean s\u00e2u:<\/strong><br \/>\n\u2022\tNghi\u1ec7p v\u1ee5 v\u1eadn t\u1ea3i h\u00e0nh kh\u00e1ch: N\u1eafm v\u1eefng lu\u1eadt giao th\u00f4ng, ti\u00eau chu\u1ea9n an to\u00e0n, k\u1ef9 n\u0103ng \u0111i\u1ec1u khi\u1ec3n ph\u01b0\u01a1ng ti\u1ec7n \u0111\u01b0\u1eddng d\u00e0i v\u00e0 \u1ee9ng x\u1eed trong c\u00e1c t\u00ecnh hu\u1ed1ng kh\u1ea9n c\u1ea5p.<br \/>\n\u2022\tK\u1ef9 n\u0103ng ph\u1ee5c v\u1ee5 du l\u1ecbch: Giao ti\u1ebfp l\u1ecbch thi\u1ec7p, h\u1ed7 tr\u1ee3 chu \u0111\u00e1o, t\u1ea1o kh\u00f4ng kh\u00ed th\u00e2n thi\u1ec7n nh\u01b0ng v\u1eabn gi\u1eef t\u00ednh chuy\u00ean nghi\u1ec7p trong su\u1ed1t h\u00e0nh tr\u00ecnh.<br \/>\n\u2022\tKi\u1ebfn th\u1ee9c v\u1ec1 an to\u00e0n: Th\u01b0\u1eddng xuy\u00ean \u0111\u01b0\u1ee3c t\u1eadp hu\u1ea5n s\u01a1 c\u1ee9u y t\u1ebf, ph\u00f2ng ch\u00e1y ch\u1eefa ch\u00e1y, tho\u00e1t hi\u1ec3m v\u00e0 c\u1ee9u sinh \u2013 \u0111\u1ea3m b\u1ea3o s\u1ef1 an t\u00e2m tuy\u1ec7t \u0111\u1ed1i cho h\u00e0nh kh\u00e1ch.<br \/>\nT\u1eebng chuy\u1ebfn xe c\u1ee7a T\u00f9ng Anh Transport \u0111\u1ec1u mang \u0111\u1ebfn kh\u00f4ng ch\u1ec9 s\u1ef1 thu\u1eadn ti\u1ec7n, m\u00e0 c\u00f2n l\u00e0 tr\u1ea3i nghi\u1ec7m v\u0103n minh v\u00e0 \u0111\u00e1ng nh\u1edb \u2013 \u0111i\u1ec1u l\u00e0m n\u00ean th\u01b0\u01a1ng hi\u1ec7u c\u1ee7a m\u1ed9t c\u00f4ng ty v\u1eadn t\u1ea3i du l\u1ecbch uy t\u00edn t\u1ea1i H\u00e0 N\u1ed9i.<\/p>\n<p><img loading=\"lazy\" src=\"https:\/\/tunganhtransport.vn\/wp-content\/uploads\/2025\/07\/4-2.jpg\" alt=\"\" width=\"1920\" height=\"986\" class=\"alignnone size-full wp-image-878\" srcset=\"https:\/\/tunganhtransport.vn\/wp-content\/uploads\/2025\/07\/4-2.jpg 1920w, https:\/\/tunganhtransport.vn\/wp-content\/uploads\/2025\/07\/4-2-779x400.jpg 779w, https:\/\/tunganhtransport.vn\/wp-content\/uploads\/2025\/07\/4-2-1400x719.jpg 1400w, https:\/\/tunganhtransport.vn\/wp-content\/uploads\/2025\/07\/4-2-768x394.jpg 768w, https:\/\/tunganhtransport.vn\/wp-content\/uploads\/2025\/07\/4-2-1536x789.jpg 1536w, https:\/\/tunganhtransport.vn\/wp-content\/uploads\/2025\/07\/4-2-600x308.jpg 600w\" sizes=\"(max-width: 1920px) 100vw, 1920px\" \/><br \/>\n<strong>\u0110\u1ed1i t\u00e1c \u0111\u1ed3ng h\u00e0nh tin c\u1eady trong m\u1ed7i tour du l\u1ecbch<\/strong><br \/>\nKh\u00f4ng ch\u1ec9 d\u1eebng l\u1ea1i \u1edf vai tr\u00f2 cung c\u1ea5p ph\u01b0\u01a1ng ti\u1ec7n, T\u00f9ng Anh Transport c\u00f2n l\u00e0 \u0111\u1ed1i t\u00e1c th\u00e2n thi\u1ebft c\u1ee7a nhi\u1ec1u c\u00f4ng ty l\u1eef h\u00e0nh trong n\u01b0\u1edbc, g\u00f3p ph\u1ea7n n\u00e2ng cao gi\u00e1 tr\u1ecb tour du l\u1ecbch th\u00f4ng qua d\u1ecbch v\u1ee5 v\u1eadn chuy\u1ec3n h\u00e0nh kh\u00e1ch du l\u1ecbch uy t\u00edn \u2013 chuy\u00ean nghi\u1ec7p \u2013 \u0111\u00fang chu\u1ea9n.<br \/>\nS\u1ef1 ph\u1ed1i h\u1ee3p ch\u1eb7t ch\u1ebd v\u1edbi c\u00e1c \u0111\u01a1n v\u1ecb t\u1ed5 ch\u1ee9c tour gi\u00fap T\u00f9ng Anh Transport t\u1ea1o n\u00ean s\u1ef1 li\u1ec1n m\u1ea1ch trong h\u00e0nh tr\u00ecnh di chuy\u1ec3n, h\u1ea1n ch\u1ebf r\u1ee7i ro ph\u00e1t sinh v\u00e0 n\u00e2ng cao tr\u1ea3i nghi\u1ec7m th\u1ef1c t\u1ebf cho h\u00e0nh kh\u00e1ch. T\u1eebng chuy\u1ebfn xe c\u1ee7a T\u00f9ng Anh Transport g\u00f3p ph\u1ea7n l\u00e0m n\u00ean th\u00e0nh c\u00f4ng cho nh\u1eefng ch\u01b0\u01a1ng tr\u00ecnh du l\u1ecbch l\u1edbn nh\u1ecf tr\u00ean kh\u1eafp m\u1ecdi mi\u1ec1n \u0111\u1ea5t n\u01b0\u1edbc.<\/p>\n<p><img loading=\"lazy\" src=\"https:\/\/tunganhtransport.vn\/wp-content\/uploads\/2025\/07\/5-2.jpg\" alt=\"\" width=\"1920\" height=\"986\" class=\"alignnone size-full wp-image-879\" srcset=\"https:\/\/tunganhtransport.vn\/wp-content\/uploads\/2025\/07\/5-2.jpg 1920w, https:\/\/tunganhtransport.vn\/wp-content\/uploads\/2025\/07\/5-2-779x400.jpg 779w, https:\/\/tunganhtransport.vn\/wp-content\/uploads\/2025\/07\/5-2-1400x719.jpg 1400w, https:\/\/tunganhtransport.vn\/wp-content\/uploads\/2025\/07\/5-2-768x394.jpg 768w, https:\/\/tunganhtransport.vn\/wp-content\/uploads\/2025\/07\/5-2-1536x789.jpg 1536w, https:\/\/tunganhtransport.vn\/wp-content\/uploads\/2025\/07\/5-2-600x308.jpg 600w\" sizes=\"(max-width: 1920px) 100vw, 1920px\" \/><br \/>\n<strong>T\u00f9ng Anh Transport \u2013 N\u01a1i m\u1ed7i h\u00e0nh tr\u00ecnh b\u1eaft \u0111\u1ea7u b\u1eb1ng s\u1ef1 an t\u00e2m<\/strong><br \/>\nT\u1eeb ch\u1ea5t l\u01b0\u1ee3ng ph\u01b0\u01a1ng ti\u1ec7n \u0111\u1ebfn s\u1ef1 chuy\u00ean nghi\u1ec7p trong ph\u1ee5c v\u1ee5, t\u1eeb uy t\u00edn th\u01b0\u01a1ng hi\u1ec7u \u0111\u1ebfn s\u1ef1 h\u00e0i l\u00f2ng c\u1ee7a kh\u00e1ch h\u00e0ng \u2013 t\u1ea5t c\u1ea3 \u0111\u00e3 t\u1ea1o n\u00ean h\u00ecnh \u1ea3nh T\u00f9ng Anh Transport nh\u01b0 m\u1ed9t \u0111i\u1ec3m \u0111\u1ebfn tin c\u1eady c\u1ee7a nh\u1eefng ai \u0111ang t\u00ecm ki\u1ebfm d\u1ecbch v\u1ee5 v\u1eadn t\u1ea3i h\u00e0nh kh\u00e1ch du l\u1ecbch uy t\u00edn t\u1ea1i H\u00e0 N\u1ed9i.<br \/>\nCh\u00fang t\u00f4i lu\u00f4n tin r\u1eb1ng: M\u1ed7i chuy\u1ebfn xe l\u00e0 m\u1ed9t ph\u1ea7n quan tr\u1ecdng c\u1ee7a chuy\u1ebfn \u0111i, v\u00e0 ch\u00fang t\u00f4i t\u1ef1 h\u00e0o \u0111\u01b0\u1ee3c \u0111\u1ed3ng h\u00e0nh c\u00f9ng b\u1ea1n tr\u00ean m\u1ecdi cung \u0111\u01b0\u1eddng \u2013 mang \u0111\u1ebfn h\u00e0nh tr\u00ecnh an to\u00e0n, tr\u1ecdn v\u1eb9n v\u00e0 ng\u1eadp tr\u00e0n k\u1ef7 ni\u1ec7m \u0111\u1eb9p.<\/p>\n","protected":false},"excerpt":{"rendered":"<p>T\u00d9NG ANH TRANSPORT\u2013 GI\u1ea2I PH\u00c1P V\u1eacN T\u1ea2I DU L\u1ecaCH AN TO\u00c0N, CHUY\u00caN NGHI\u1ec6P V\u00c0 \u0110\u1eb2NG C\u1ea4P Trong s\u1ef1 ph\u00e1t tri\u1ec3n m\u1ea1nh m\u1ebd c\u1ee7a ng\u00e0nh du l\u1ecbch hi\u1ec7n nay, vai tr\u00f2 c\u1ee7a d\u1ecbch v\u1ee5 v\u1eadn chuy\u1ec3n h\u00e0nh kh\u00e1ch du l\u1ecbch ng\u00e0y c\u00e0ng tr\u1edf n\u00ean thi\u1ebft y\u1ebfu v\u00e0 mang t\u00ednh chi\u1ebfn l\u01b0\u1ee3c. M\u1ed9t h\u00e0nh tr\u00ecnh tr\u1ecdn v\u1eb9n [&#8230;]\n","protected":false},"author":1,"featured_media":874,"parent":229,"menu_order":0,"comment_status":"closed","ping_status":"closed","template":"","meta":[],"acf":[],"_links":{"self":[{"href":"https:\/\/tunganhtransport.vn\/index.php?rest_route=\/wp\/v2\/pages\/856"}],"collection":[{"href":"https:\/\/tunganhtransport.vn\/index.php?rest_route=\/wp\/v2\/pages"}],"about":[{"href":"https:\/\/tunganhtransport.vn\/index.php?rest_route=\/wp\/v2\/types\/page"}],"author":[{"embeddable":true,"href":"https:\/\/tunganhtransport.vn\/index.php?rest_route=\/wp\/v2\/users\/1"}],"replies":[{"embeddable":true,"href":"https:\/\/tunganhtransport.vn\/index.php?rest_route=%2Fwp%2Fv2%2Fcomments&post=856"}],"version-history":[{"count":5,"href":"https:\/\/tunganhtransport.vn\/index.php?rest_route=\/wp\/v2\/pages\/856\/revisions"}],"predecessor-version":[{"id":882,"href":"https:\/\/tunganhtransport.vn\/index.php?rest_route=\/wp\/v2\/pages\/856\/revisions\/882"}],"up":[{"embeddable":true,"href":"https:\/\/tunganhtransport.vn\/index.php?rest_route=\/wp\/v2\/pages\/229"}],"wp:featuredmedia":[{"embeddable":true,"href":"https:\/\/tunganhtransport.vn\/index.php?rest_route=\/wp\/v2\/media\/874"}],"wp:attachment":[{"href":"https:\/\/tunganhtransport.vn\/index.php?rest_route=%2Fwp%2Fv2%2Fmedia&parent=856"}],"curies":[{"name":"wp","href":"https:\/\/api.w.org\/{rel}","templated":true}]}}