{"id":231,"date":"2018-12-26T08:51:47","date_gmt":"2018-12-26T08:51:47","guid":{"rendered":"http:\/\/xedl.khomaudeprt.com\/?page_id=231"},"modified":"2025-11-10T08:56:51","modified_gmt":"2025-11-10T01:56:51","slug":"ly-do-chon-chung-toi","status":"publish","type":"page","link":"https:\/\/tunganhtransport.vn\/?page_id=231","title":{"rendered":"D\u1ecaCH V\u1ee4 \u0110\u00d3N CON"},"content":{"rendered":"<p><strong>D\u1ecaCH V\u1ee4 \u0110\u01afA \u0110\u00d3N H\u1eccC SINH B\u1eb0NG XE BUS \u2013 H\u00c0NH TR\u00ccNH AN TO\u00c0N KH\u1edeI \u0110\u1ea6U T\u1eea S\u1ef0 AN T\u00c2M<\/strong><\/p>\n<p>Trong d\u00f2ng ch\u1ea3y t\u1ea5t b\u1eadt c\u1ee7a cu\u1ed9c s\u1ed1ng \u0111\u00f4 th\u1ecb hi\u1ec7n \u0111\u1ea1i, n\u01a1i k\u1eb9t xe, \u00f4 nhi\u1ec5m v\u00e0 \u00e1p l\u1ef1c th\u1eddi gian l\u00e0 chuy\u1ec7n th\u01b0\u1eddng nh\u1eadt, vi\u1ec7c \u0111\u01b0a \u0111\u00f3n con em \u0111\u1ebfn tr\u01b0\u1eddng tr\u1edf th\u00e0nh n\u1ed7i tr\u0103n tr\u1edf c\u1ee7a h\u00e0ng tri\u1ec7u ph\u1ee5 huynh. V\u1edbi mong mu\u1ed1n gi\u00fap c\u00e1c gia \u0111\u00ecnh g\u1ee1 b\u1ecf g\u00e1nh lo m\u1ed7i s\u1edbm mai v\u00e0 \u0111\u1ea3m b\u1ea3o m\u1ed9t h\u00e0nh tr\u00ecnh \u0111\u1ebfn tr\u01b0\u1eddng an to\u00e0n \u2013 \u0111\u00fang gi\u1edd \u2013 \u0111\u00fang quy chu\u1ea9n, C\u00f4ng ty TNHH \u0110\u1ea7u t\u01b0 Th\u01b0\u01a1ng m\u1ea1i v\u00e0 Du l\u1ecbch T\u00f9ng Anh (T\u00f9ng Anh Transport) \u0111\u00e3 tri\u1ec3n khai d\u1ecbch v\u1ee5 \u0111\u01b0a \u0111\u00f3n h\u1ecdc sinh b\u1eb1ng xe bus chuy\u00ean nghi\u1ec7p, hi\u1ec7n \u0111\u1ea1i v\u00e0 nh\u00e2n v\u0103n.<br \/>\n<img loading=\"lazy\" src=\"https:\/\/tunganhtransport.vn\/wp-content\/uploads\/2025\/06\/1-4.jpg\" alt=\"\" width=\"1920\" height=\"986\" class=\"alignnone size-full wp-image-724\" srcset=\"https:\/\/tunganhtransport.vn\/wp-content\/uploads\/2025\/06\/1-4.jpg 1920w, https:\/\/tunganhtransport.vn\/wp-content\/uploads\/2025\/06\/1-4-779x400.jpg 779w, https:\/\/tunganhtransport.vn\/wp-content\/uploads\/2025\/06\/1-4-1400x719.jpg 1400w, https:\/\/tunganhtransport.vn\/wp-content\/uploads\/2025\/06\/1-4-768x394.jpg 768w, https:\/\/tunganhtransport.vn\/wp-content\/uploads\/2025\/06\/1-4-1536x789.jpg 1536w, https:\/\/tunganhtransport.vn\/wp-content\/uploads\/2025\/06\/1-4-600x308.jpg 600w\" sizes=\"(max-width: 1920px) 100vw, 1920px\" \/><\/p>\n<p>V\u00ec sao n\u00ean ch\u1ecdn d\u1ecbch v\u1ee5 xe bus \u0111\u01b0a \u0111\u00f3n h\u1ecdc sinh c\u1ee7a T\u00f9ng Anh Transport?<\/p>\n<p>T\u1ea1i c\u00e1c th\u00e0nh ph\u1ed1 l\u1edbn nh\u01b0 H\u00e0 N\u1ed9i, n\u01a1i m\u1eadt \u0111\u1ed9 giao th\u00f4ng ng\u00e0y c\u00e0ng gia t\u0103ng, tai n\u1ea1n h\u1ecdc \u0111\u01b0\u1eddng li\u00ean quan \u0111\u1ebfn xe c\u1ed9 kh\u00f4ng c\u00f2n l\u00e0 hi\u1ebfm g\u1eb7p. D\u1ecbch v\u1ee5 \u0111\u01b0a \u0111\u00f3n h\u1ecdc sinh b\u1eb1ng xe bus c\u1ee7a T\u00f9ng Anh Transport ra \u0111\u1eddi nh\u01b0 m\u1ed9t gi\u1ea3i ph\u00e1p t\u1ed1i \u01b0u cho v\u1ea5n \u0111\u1ec1 nh\u1ee9c nh\u1ed1i n\u00e0y: gi\u1ea3m r\u1ee7i ro \u2013 t\u1ed1i \u01b0u th\u1eddi gian \u2013 n\u00e2ng cao ch\u1ea5t l\u01b0\u1ee3ng s\u1ed1ng cho gia \u0111\u00ecnh.<\/p>\n<p><strong>CAM K\u1ebeT CH\u1ea4T L\u01af\u1ee2NG TR\u00caN T\u1eeaNG H\u00c0NH TR\u00ccNH<\/strong><\/p>\n<p>\u2727 Ph\u01b0\u01a1ng ti\u1ec7n v\u1eadn chuy\u1ec3n \u0111\u1ea1t chu\u1ea9n<br \/>\nTo\u00e0n b\u1ed9 xe bus \u0111\u01b0\u1ee3c T\u00f9ng Anh Transport s\u1eed d\u1ee5ng \u0111\u1ec1u \u0111\u01b0\u1ee3c c\u1ea5p ph\u00e9p \u0111\u1ea7y \u0111\u1ee7, ki\u1ec3m \u0111\u1ecbnh \u0111\u1ecbnh k\u1ef3 theo ti\u00eau chu\u1ea9n v\u1eadn t\u1ea3i h\u00e0nh kh\u00e1ch h\u1ecdc sinh. M\u1ed7i chi\u1ebfc xe \u0111\u1ec1u \u0111\u01b0\u1ee3c trang b\u1ecb:<br \/>\n\u2022\tCamera gi\u00e1m s\u00e1t h\u00e0nh tr\u00ecnh<br \/>\n\u2022\tH\u1ec7 th\u1ed1ng GPS \u0111\u1ecbnh v\u1ecb tr\u1ef1c tuy\u1ebfn<br \/>\n\u2022\tGh\u1ebf ng\u1ed3i an to\u00e0n, d\u00e2y \u0111ai ch\u1eafc ch\u1eafn<br \/>\n\u2022\tD\u1ee5ng c\u1ee5 y t\u1ebf v\u00e0 b\u00ecnh ch\u1eefa ch\u00e1y<br \/>\n\u2022\tN\u1ed9i th\u1ea5t s\u1ea1ch s\u1ebd, th\u00f4ng tho\u00e1ng ph\u00f9 h\u1ee3p cho tr\u1ebb nh\u1ecf<\/p>\n<p><strong>\u2727 B\u1ea3o hi\u1ec3m to\u00e0n di\u1ec7n<\/strong><\/p>\n<p>M\u1ed7i chuy\u1ebfn xe l\u00e0 m\u1ed9t cam k\u1ebft an to\u00e0n. T\u00f9ng Anh Transport c\u00f3 b\u1ea3o hi\u1ec3m t\u1ed1i \u0111a cho c\u1ea3 h\u1ecdc sinh v\u00e0 t\u00e0i x\u1ebf \u2013 \u0111\u1ea3m b\u1ea3o quy\u1ec1n l\u1ee3i cao nh\u1ea5t cho m\u1ecdi h\u00e0nh kh\u00e1ch tr\u00ean xe.<\/p>\n<p><strong>\u2727 \u0110\u1ed9i ng\u0169 nh\u00e2n s\u1ef1 chuy\u00ean nghi\u1ec7p<\/strong><\/p>\n<p>\u0110\u1ee9ng sau m\u1ed7i chuy\u1ebfn \u0111i l\u00e0 \u0111\u1ed9i ng\u0169 t\u00e0i x\u1ebf v\u00e0 nh\u00e2n vi\u00ean gi\u00e1m s\u00e1t \u0111\u01b0\u1ee3c tuy\u1ec3n ch\u1ecdn k\u1ef9 l\u01b0\u1ee1ng, c\u00f3 l\u00fd l\u1ecbch r\u00f5 r\u00e0ng, kinh nghi\u1ec7m v\u00e0 nghi\u1ec7p v\u1ee5 cao. H\u1ecd kh\u00f4ng ch\u1ec9 l\u00e0 ng\u01b0\u1eddi c\u1ea7m l\u00e1i, m\u00e0 c\u00f2n l\u00e0 nh\u1eefng ng\u01b0\u1eddi \u0111\u1ed3ng h\u00e0nh t\u1eadn t\u00e2m, \u0111\u01b0\u1ee3c \u0111\u00e0o t\u1ea1o b\u00e0i b\u1ea3n v\u1ec1:<br \/>\n\u2022\tGiao ti\u1ebfp v\u1edbi tr\u1ebb nh\u1ecf<br \/>\n\u2022\tX\u1eed l\u00fd t\u00ecnh hu\u1ed1ng kh\u1ea9n c\u1ea5p<br \/>\n\u2022\tT\u00e1c phong \u0111\u00fang chu\u1ea9n v\u1eadn t\u1ea3i h\u1ecdc sinh<br \/>\n<img loading=\"lazy\" src=\"https:\/\/tunganhtransport.vn\/wp-content\/uploads\/2025\/06\/2-4.jpg\" alt=\"\" width=\"1920\" height=\"986\" class=\"alignnone size-full wp-image-725\" srcset=\"https:\/\/tunganhtransport.vn\/wp-content\/uploads\/2025\/06\/2-4.jpg 1920w, https:\/\/tunganhtransport.vn\/wp-content\/uploads\/2025\/06\/2-4-779x400.jpg 779w, https:\/\/tunganhtransport.vn\/wp-content\/uploads\/2025\/06\/2-4-1400x719.jpg 1400w, https:\/\/tunganhtransport.vn\/wp-content\/uploads\/2025\/06\/2-4-768x394.jpg 768w, https:\/\/tunganhtransport.vn\/wp-content\/uploads\/2025\/06\/2-4-1536x789.jpg 1536w, https:\/\/tunganhtransport.vn\/wp-content\/uploads\/2025\/06\/2-4-600x308.jpg 600w\" sizes=\"(max-width: 1920px) 100vw, 1920px\" \/><\/p>\n<p><strong>V\u1eadn h\u00e0nh b\u00e0i b\u1ea3n \u2013 \u0110\u00fang gi\u1edd, \u0111\u00fang tuy\u1ebfn, \u0111\u00fang h\u1ecdc sinh<\/strong><\/p>\n<p>T\u00f9ng Anh Transport x\u00e2y d\u1ef1ng m\u1ed9t quy tr\u00ecnh v\u1eadn h\u00e0nh khoa h\u1ecdc, nh\u1eb1m mang l\u1ea1i tr\u1ea3i nghi\u1ec7m tr\u1ecdn v\u1eb9n cho nh\u00e0 tr\u01b0\u1eddng v\u00e0 ph\u1ee5 huynh:<br \/>\n\u2022\tKh\u1ea3o s\u00e1t tuy\u1ebfn \u0111\u01b0\u1eddng t\u1ed1i \u01b0u, gi\u1ea3m th\u1eddi gian di chuy\u1ec3n<br \/>\n\u2022\tThi\u1ebft k\u1ebf gi\u1edd \u0111\u00f3n\/tr\u1ea3 linh ho\u1ea1t, t\u00f9y theo nhu c\u1ea7u c\u1ee7a nh\u00e0 tr\u01b0\u1eddng<br \/>\n\u2022\tTheo d\u00f5i h\u00e0nh tr\u00ecnh qua h\u1ec7 th\u1ed1ng GPS, gi\u00fap ph\u1ee5 huynh an t\u00e2m v\u00e0 ch\u1ee7 \u0111\u1ed9ng<br \/>\n\u2022\tPh\u1ed1i h\u1ee3p ba b\u00ean: nh\u00e0 tr\u01b0\u1eddng \u2013 ph\u1ee5 huynh \u2013 c\u00f4ng ty, ph\u1ea3n h\u1ed3i t\u1ee9c th\u1eddi m\u1ecdi v\u1ea5n \u0111\u1ec1 ph\u00e1t sinh<\/p>\n<p>Kh\u00f4ng ch\u1ec9 l\u00e0 d\u1ecbch v\u1ee5 \u2013 T\u00f9ng Anh Transport l\u00e0 \u0111\u1ed1i t\u00e1c gi\u00e1o d\u1ee5c \u0111\u00e1ng tin c\u1eady<br \/>\nV\u1edbi ph\u01b0\u01a1ng ch\u00e2m \u201cD\u1ecbch v\u1ee5 ch\u1ea5t l\u01b0\u1ee3ng \u2013 T\u0103ng tr\u01b0\u1edfng b\u1ec1n v\u1eefng\u201d, T\u00f9ng Anh Transport kh\u00f4ng ng\u1eebng m\u1edf r\u1ed9ng quy m\u00f4, hi\u1ec7n \u0111\u1ea1i h\u00f3a \u0111\u1ed9i xe v\u00e0 n\u00e2ng cao ch\u1ea5t l\u01b0\u1ee3ng ph\u1ee5c v\u1ee5. Uy t\u00edn c\u1ee7a ch\u00fang t\u00f4i \u0111\u00e3 \u0111\u01b0\u1ee3c kh\u1eb3ng \u0111\u1ecbnh th\u00f4ng qua s\u1ef1 h\u1ee3p t\u00e1c d\u00e0i h\u1ea1n v\u1edbi nhi\u1ec1u tr\u01b0\u1eddng h\u1ecdc v\u00e0 t\u1ed5 ch\u1ee9c gi\u00e1o d\u1ee5c uy t\u00edn, ti\u00eau bi\u1ec3u nh\u01b0:<br \/>\n<img loading=\"lazy\" src=\"https:\/\/tunganhtransport.vn\/wp-content\/uploads\/2025\/11\/3.jpg\" alt=\"\" width=\"1241\" height=\"1653\" class=\"aligncenter size-full wp-image-979\" srcset=\"https:\/\/tunganhtransport.vn\/wp-content\/uploads\/2025\/11\/3.jpg 1241w, https:\/\/tunganhtransport.vn\/wp-content\/uploads\/2025\/11\/3-300x400.jpg 300w, https:\/\/tunganhtransport.vn\/wp-content\/uploads\/2025\/11\/3-601x800.jpg 601w, https:\/\/tunganhtransport.vn\/wp-content\/uploads\/2025\/11\/3-768x1023.jpg 768w, https:\/\/tunganhtransport.vn\/wp-content\/uploads\/2025\/11\/3-1153x1536.jpg 1153w, https:\/\/tunganhtransport.vn\/wp-content\/uploads\/2025\/11\/3-600x799.jpg 600w\" sizes=\"(max-width: 1241px) 100vw, 1241px\" \/><\/p>\n<p>S\u1ef1 \u0111\u1ed3ng h\u00e0nh c\u1ee7a T\u00f9ng Anh Transport kh\u00f4ng ch\u1ec9 \u0111\u01a1n thu\u1ea7n l\u00e0 v\u1eadn chuy\u1ec3n, m\u00e0 c\u00f2n l\u00e0 \u0111\u00f3ng g\u00f3p cho m\u1ed9t m\u00f4i tr\u01b0\u1eddng gi\u00e1o d\u1ee5c hi\u1ec7n \u0111\u1ea1i \u2013 v\u0103n minh \u2013 v\u00e0 \u0111\u1ea7y nh\u00e2n v\u0103n.<br \/>\nT\u00f9ng Anh Transport \u2013 H\u00e0nh tr\u00ecnh an t\u00e2m, t\u01b0\u01a1ng lai b\u1ec1n v\u1eefng.  M\u1ed7i chuy\u1ebfn xe l\u00e0 m\u1ed9t b\u01b0\u1edbc ti\u1ebfn \u0111\u1ebfn n\u1ec1n gi\u00e1o d\u1ee5c an to\u00e0n v\u00e0 hi\u1ec7n \u0111\u1ea1i.<\/p>\n","protected":false},"excerpt":{"rendered":"<p>D\u1ecaCH V\u1ee4 \u0110\u01afA \u0110\u00d3N H\u1eccC SINH B\u1eb0NG XE BUS \u2013 H\u00c0NH TR\u00ccNH AN TO\u00c0N KH\u1edeI \u0110\u1ea6U T\u1eea S\u1ef0 AN T\u00c2M Trong d\u00f2ng ch\u1ea3y t\u1ea5t b\u1eadt c\u1ee7a cu\u1ed9c s\u1ed1ng \u0111\u00f4 th\u1ecb hi\u1ec7n \u0111\u1ea1i, n\u01a1i k\u1eb9t xe, \u00f4 nhi\u1ec5m v\u00e0 \u00e1p l\u1ef1c th\u1eddi gian l\u00e0 chuy\u1ec7n th\u01b0\u1eddng nh\u1eadt, vi\u1ec7c \u0111\u01b0a \u0111\u00f3n con em \u0111\u1ebfn tr\u01b0\u1eddng tr\u1edf th\u00e0nh [&#8230;]\n","protected":false},"author":1,"featured_media":0,"parent":0,"menu_order":0,"comment_status":"closed","ping_status":"closed","template":"","meta":[],"acf":[],"_links":{"self":[{"href":"https:\/\/tunganhtransport.vn\/index.php?rest_route=\/wp\/v2\/pages\/231"}],"collection":[{"href":"https:\/\/tunganhtransport.vn\/index.php?rest_route=\/wp\/v2\/pages"}],"about":[{"href":"https:\/\/tunganhtransport.vn\/index.php?rest_route=\/wp\/v2\/types\/page"}],"author":[{"embeddable":true,"href":"https:\/\/tunganhtransport.vn\/index.php?rest_route=\/wp\/v2\/users\/1"}],"replies":[{"embeddable":true,"href":"https:\/\/tunganhtransport.vn\/index.php?rest_route=%2Fwp%2Fv2%2Fcomments&post=231"}],"version-history":[{"count":11,"href":"https:\/\/tunganhtransport.vn\/index.php?rest_route=\/wp\/v2\/pages\/231\/revisions"}],"predecessor-version":[{"id":978,"href":"https:\/\/tunganhtransport.vn\/index.php?rest_route=\/wp\/v2\/pages\/231\/revisions\/978"}],"wp:attachment":[{"href":"https:\/\/tunganhtransport.vn\/index.php?rest_route=%2Fwp%2Fv2%2Fmedia&parent=231"}],"curies":[{"name":"wp","href":"https:\/\/api.w.org\/{rel}","templated":true}]}}