{"id":229,"date":"2018-12-26T08:50:58","date_gmt":"2018-12-26T08:50:58","guid":{"rendered":"http:\/\/xedl.khomaudeprt.com\/?page_id=229"},"modified":"2025-07-14T11:24:37","modified_gmt":"2025-07-14T04:24:37","slug":"van-hoa-doanh-nghiep","status":"publish","type":"page","link":"https:\/\/tunganhtransport.vn\/?page_id=229","title":{"rendered":"D\u1ecbch v\u1ee5 cho thu\u00ea xe"},"content":{"rendered":"<p><strong>T\u00d9NG ANH TRANSPORT \u2013 GI\u1ea2I PH\u00c1P V\u1eacN CHUY\u1ec2N TIN C\u1eacY, LINH HO\u1ea0T V\u00c0 T\u1ed0I \u01afU CHI PH\u00cd<\/strong><\/p>\n<p>Tr\u01b0\u1edbc nhu c\u1ea7u ng\u00e0y c\u00e0ng gia t\u0103ng v\u1ec1 ph\u01b0\u01a1ng ti\u1ec7n di chuy\u1ec3n ph\u1ee5c v\u1ee5 du l\u1ecbch, c\u01b0\u1edbi h\u1ecfi, c\u00f4ng t\u00e1c hay s\u1ef1 ki\u1ec7n, C\u00f4ng ty TNHH \u0110\u1ea7u t\u01b0 Th\u01b0\u01a1ng m\u1ea1i v\u00e0 Du l\u1ecbch T\u00f9ng Anh \u0111\u00e3 ph\u00e1t tri\u1ec3n m\u1ea1nh m\u1ebd d\u1ecbch v\u1ee5 cho thu\u00ea xe d\u1ecbch v\u1ee5, cung c\u1ea5p gi\u1ea3i ph\u00e1p v\u1eadn chuy\u1ec3n to\u00e0n di\u1ec7n cho c\u00e1 nh\u00e2n v\u00e0 t\u1ed5 ch\u1ee9c.<br \/>\n<img loading=\"lazy\" src=\"https:\/\/tunganhtransport.vn\/wp-content\/uploads\/2025\/06\/1.3.jpg\" alt=\"\" width=\"1920\" height=\"986\" class=\"alignnone size-full wp-image-729\" srcset=\"https:\/\/tunganhtransport.vn\/wp-content\/uploads\/2025\/06\/1.3.jpg 1920w, https:\/\/tunganhtransport.vn\/wp-content\/uploads\/2025\/06\/1.3-779x400.jpg 779w, https:\/\/tunganhtransport.vn\/wp-content\/uploads\/2025\/06\/1.3-1400x719.jpg 1400w, https:\/\/tunganhtransport.vn\/wp-content\/uploads\/2025\/06\/1.3-768x394.jpg 768w, https:\/\/tunganhtransport.vn\/wp-content\/uploads\/2025\/06\/1.3-1536x789.jpg 1536w, https:\/\/tunganhtransport.vn\/wp-content\/uploads\/2025\/06\/1.3-600x308.jpg 600w\" sizes=\"(max-width: 1920px) 100vw, 1920px\" \/><\/p>\n<p><strong>1. D\u1ecbch v\u1ee5 \u0111a d\u1ea1ng \u2013 \u0110\u00e1p \u1ee9ng m\u1ecdi nhu c\u1ea7u<\/strong><\/p>\n<p>D\u1ecbch v\u1ee5 cho thu\u00ea xe c\u1ee7a T\u00f9ng Anh Transport \u0111\u01b0\u1ee3c thi\u1ebft k\u1ebf linh ho\u1ea1t, ph\u00f9 h\u1ee3p v\u1edbi nhi\u1ec1u m\u1ee5c \u0111\u00edch s\u1eed d\u1ee5ng:<br \/>\n\u2022\tThu\u00ea xe du l\u1ecbch n\u1ed9i th\u00e0nh v\u00e0 li\u00ean t\u1ec9nh<br \/>\n\u2022\tThu\u00ea xe c\u01b0\u1edbi h\u1ecfi (l\u1ec5 \u0111\u00ednh h\u00f4n, l\u1ec5 \u0103n h\u1ecfi)<br \/>\n\u2022\tThu\u00ea xe \u0111\u01b0a \u0111\u00f3n t\u1ea1i s\u00e2n bay, nh\u00e0 ga, kh\u00e1ch s\u1ea1n<br \/>\n\u2022\tThu\u00ea xe ph\u1ee5c v\u1ee5 h\u1ed9i ngh\u1ecb, s\u1ef1 ki\u1ec7n, team building<br \/>\nT\u00f9ng Anh cam k\u1ebft cung c\u1ea5p d\u1ecbch v\u1ee5 ch\u1ea5t l\u01b0\u1ee3ng cao v\u1edbi chi ph\u00ed h\u1ee3p l\u00fd, mang l\u1ea1i tr\u1ea3i nghi\u1ec7m di chuy\u1ec3n an to\u00e0n, tho\u1ea3i m\u00e1i v\u00e0 chuy\u00ean nghi\u1ec7p.<\/p>\n<p><strong>2. \u0110\u1ed9i xe hi\u1ec7n \u0111\u1ea1i \u2013 \u0110\u1ea7u t\u01b0 b\u00e0i b\u1ea3n<\/strong><\/p>\n<p>H\u1ec7 th\u1ed1ng xe c\u1ee7a T\u00f9ng Anh Transport g\u1ed3m nhi\u1ec1u d\u00f2ng xe t\u1eeb 4 \u0111\u1ebfn 45 ch\u1ed7, ph\u1ee5c v\u1ee5 c\u1ea3 nhu c\u1ea7u c\u00e1 nh\u00e2n l\u1eabn t\u1ed5 ch\u1ee9c:<br \/>\n\u2022\tXe 4\u20137 ch\u1ed7: Ph\u00f9 h\u1ee3p cho gia \u0111\u00ecnh nh\u1ecf, di chuy\u1ec3n linh ho\u1ea1t<br \/>\n\u2022\tXe 16 ch\u1ed7: D\u00e0nh cho nh\u00f3m du l\u1ecbch, \u0111o\u00e0n kh\u00e1ch, s\u00e2n bay<br \/>\n\u2022\tXe 29\u201345 ch\u1ed7: Ph\u1ee5c v\u1ee5 c\u00f4ng ty, tr\u01b0\u1eddng h\u1ecdc, \u0111o\u00e0n th\u1ec3<br \/>\n<img loading=\"lazy\" src=\"https:\/\/tunganhtransport.vn\/wp-content\/uploads\/2025\/06\/2.1.jpg\" alt=\"\" width=\"1920\" height=\"1080\" class=\"alignnone size-full wp-image-693\" srcset=\"https:\/\/tunganhtransport.vn\/wp-content\/uploads\/2025\/06\/2.1.jpg 1920w, https:\/\/tunganhtransport.vn\/wp-content\/uploads\/2025\/06\/2.1-711x400.jpg 711w, https:\/\/tunganhtransport.vn\/wp-content\/uploads\/2025\/06\/2.1-1400x788.jpg 1400w, https:\/\/tunganhtransport.vn\/wp-content\/uploads\/2025\/06\/2.1-768x432.jpg 768w, https:\/\/tunganhtransport.vn\/wp-content\/uploads\/2025\/06\/2.1-1536x864.jpg 1536w, https:\/\/tunganhtransport.vn\/wp-content\/uploads\/2025\/06\/2.1-600x338.jpg 600w\" sizes=\"(max-width: 1920px) 100vw, 1920px\" \/><\/p>\n<p>T\u1ea5t c\u1ea3 c\u00e1c ph\u01b0\u01a1ng ti\u1ec7n \u0111\u1ec1u \u0111\u01b0\u1ee3c b\u1ea3o d\u01b0\u1ee1ng \u0111\u1ecbnh k\u1ef3, trang b\u1ecb hi\u1ec7n \u0111\u1ea1i, \u0111\u1ea3m b\u1ea3o an to\u00e0n tuy\u1ec7t \u0111\u1ed1i trong su\u1ed1t h\u00e0nh tr\u00ecnh.<\/p>\n<p><strong>3. T\u00e0i x\u1ebf, gi\u00e1m s\u00e1t vi\u00ean chuy\u00ean nghi\u1ec7p \u2013 Ph\u1ee5c v\u1ee5 t\u1eadn t\u00e2m<\/strong><\/p>\n<p>\u0110i\u1ec3m n\u1ed5i b\u1eadt c\u1ee7a T\u00f9ng Anh Transport l\u00e0 \u0111\u1ed9i ng\u0169 t\u00e0i x\u1ebf, gi\u00e1m s\u00e1t vi\u00ean gi\u00e0u kinh nghi\u1ec7m, th\u00e1i \u0111\u1ed9 l\u1ecbch s\u1ef1 v\u00e0 tinh th\u1ea7n ph\u1ee5c v\u1ee5 chuy\u00ean nghi\u1ec7p. H\u1ecd kh\u00f4ng ch\u1ec9 l\u00e0 ng\u01b0\u1eddi l\u00e1i xe hay gi\u00e1m s\u00e1t vi\u00ean m\u00e0 c\u00f2n l\u00e0 ng\u01b0\u1eddi b\u1ea1n \u0111\u1ed3ng h\u00e0nh \u0111\u00e1ng tin c\u1eady, lu\u00f4n \u0111\u1ea3m b\u1ea3o y\u1ebfu t\u1ed1 an to\u00e0n \u2013 \u0111\u00fang gi\u1edd \u2013 tr\u00e1ch nhi\u1ec7m trong m\u1ed7i chuy\u1ebfn \u0111i.<\/p>\n<p><img loading=\"lazy\" src=\"https:\/\/tunganhtransport.vn\/wp-content\/uploads\/2025\/06\/3-4.jpg\" alt=\"\" width=\"1920\" height=\"986\" class=\"alignnone size-full wp-image-719\" srcset=\"https:\/\/tunganhtransport.vn\/wp-content\/uploads\/2025\/06\/3-4.jpg 1920w, https:\/\/tunganhtransport.vn\/wp-content\/uploads\/2025\/06\/3-4-779x400.jpg 779w, https:\/\/tunganhtransport.vn\/wp-content\/uploads\/2025\/06\/3-4-1400x719.jpg 1400w, https:\/\/tunganhtransport.vn\/wp-content\/uploads\/2025\/06\/3-4-768x394.jpg 768w, https:\/\/tunganhtransport.vn\/wp-content\/uploads\/2025\/06\/3-4-1536x789.jpg 1536w, https:\/\/tunganhtransport.vn\/wp-content\/uploads\/2025\/06\/3-4-600x308.jpg 600w\" sizes=\"(max-width: 1920px) 100vw, 1920px\" \/><\/p>\n<p><strong>4. Cam k\u1ebft minh b\u1ea1ch \u2013 H\u1ed7 tr\u1ee3 to\u00e0n di\u1ec7n<\/strong><\/p>\n<p>Khi s\u1eed d\u1ee5ng d\u1ecbch v\u1ee5 c\u1ee7a T\u00f9ng Anh Transport, kh\u00e1ch h\u00e0ng \u0111\u01b0\u1ee3c \u0111\u1ea3m b\u1ea3o:<br \/>\n\u2022\tGi\u00e1 c\u1ea3 minh b\u1ea1ch, kh\u00f4ng ph\u00e1t sinh chi ph\u00ed \u1ea9n<br \/>\n\u2022\tXe \u0111\u00fang chu\u1ea9n, \u0111\u1ea7y \u0111\u1ee7 gi\u1ea5y t\u1edd v\u00e0 b\u1ea3o hi\u1ec3m<br \/>\n\u2022\tT\u00e0i x\u1ebf \u0111\u00fang gi\u1edd, ph\u1ee5c v\u1ee5 chu \u0111\u00e1o<br \/>\n\u2022\tH\u1ed7 tr\u1ee3 24\/7, s\u1eb5n s\u00e0ng x\u1eed l\u00fd m\u1ecdi t\u00ecnh hu\u1ed1ng<br \/>\nT\u00f9ng Anh Transport \u0111\u1eb7t tr\u1ea3i nghi\u1ec7m kh\u00e1ch h\u00e0ng l\u00ean h\u00e0ng \u0111\u1ea7u, mang l\u1ea1i h\u00e0nh tr\u00ecnh \u00eam \u00e1i v\u00e0 \u0111\u00e1ng tin c\u1eady.<\/p>\n<p><strong>5. \u0110\u1ed1i t\u01b0\u1ee3ng ph\u1ee5c v\u1ee5 r\u1ed9ng kh\u1eafp<\/strong><\/p>\n<p>D\u1ecbch v\u1ee5 cho thu\u00ea xe h\u01b0\u1edbng \u0111\u1ebfn nhi\u1ec1u \u0111\u1ed1i t\u01b0\u1ee3ng:<br \/>\n\u2022\tC\u00e1 nh\u00e2n, gia \u0111\u00ecnh \u0111i du l\u1ecbch, v\u1ec1 qu\u00ea, t\u1ed5 ch\u1ee9c c\u01b0\u1edbi h\u1ecfi<br \/>\n\u2022\tDoanh nghi\u1ec7p, t\u1ed5 ch\u1ee9c c\u1ea7n xe h\u1ed9i ngh\u1ecb, team building<br \/>\n\u2022\tTr\u01b0\u1eddng h\u1ecdc c\u1ea7n xe \u0111\u01b0a \u0111\u00f3n h\u1ecdc sinh, sinh vi\u00ean<br \/>\n\u2022\tKh\u00e1ch n\u01b0\u1edbc ngo\u00e0i c\u1ea7n t\u00e0i x\u1ebf th\u00f4ng th\u1ea1o ti\u1ebfng Anh<br \/>\nT\u00f9ng Anh Transport x\u00e2y d\u1ef1ng m\u1ed1i quan h\u1ec7 b\u1ec1n v\u1eefng v\u1edbi t\u1eebng kh\u00e1ch h\u00e0ng b\u1eb1ng uy t\u00edn, ch\u1ea5t l\u01b0\u1ee3ng v\u00e0 s\u1ef1 t\u1eadn t\u00e2m.<\/p>\n<p><strong>6. Th\u00f4ng tin li\u00ean h\u1ec7<\/strong><\/p>\n<p>Kh\u00e1ch h\u00e0ng c\u00f3 nhu c\u1ea7u thu\u00ea xe c\u00f3 th\u1ec3 li\u00ean h\u1ec7:<br \/>\n\u2022 T\u00ean c\u00f4ng ty: C\u00d4NG TY TNHH \u0110\u1ea6U T\u01af TH\u01af\u01a0NG M\u1ea0I V\u00c0 DU L\u1ecaCH T\u00d9NG ANH<br \/>\n\u2022 T\u00ean n\u01b0\u1edbc ngo\u00e0i: TUNG ANH TOURISM &#038; TRADING INVESTMENT CO., LTD<br \/>\n\u2022 \u0110\u1ecba ch\u1ec9: S\u1ed1 4 Ng\u00f5 569 L\u1ea1c Long Qu\u00e2n, Ph\u01b0\u1eddng T\u00e2y H\u1ed3 \u2013 H\u00e0 N\u1ed9i<br \/>\n\u2022 Email: info@tunganhtransport.vn<br \/>\n\u2022 Website: tunganhtransport.vn<br \/>\n\u2022 \u0110i\u1ec7n tho\u1ea1i:091.565. 3368<\/p>\n<p><strong>K\u1ebft lu\u1eadn<\/strong><\/p>\n<p>T\u00f9ng Anh Transport kh\u00f4ng ch\u1ec9 \u0111\u01a1n thu\u1ea7n cung c\u1ea5p d\u1ecbch v\u1ee5 thu\u00ea xe m\u00e0 c\u00f2n mang \u0111\u1ebfn gi\u1ea3i ph\u00e1p v\u1eadn chuy\u1ec3n chuy\u00ean nghi\u1ec7p, an to\u00e0n v\u00e0 ti\u1ebft ki\u1ec7m, kh\u1eb3ng \u0111\u1ecbnh v\u1ecb th\u1ebf l\u00e0 \u0111\u01a1n v\u1ecb v\u1eadn t\u1ea3i \u0111\u00e1ng tin c\u1eady c\u1ee7a h\u00e0ng ngh\u00ecn c\u00e1 nh\u00e2n v\u00e0 doanh nghi\u1ec7p.<\/p>\n","protected":false},"excerpt":{"rendered":"<p>T\u00d9NG ANH TRANSPORT \u2013 GI\u1ea2I PH\u00c1P V\u1eacN CHUY\u1ec2N TIN C\u1eacY, LINH HO\u1ea0T V\u00c0 T\u1ed0I \u01afU CHI PH\u00cd Tr\u01b0\u1edbc nhu c\u1ea7u ng\u00e0y c\u00e0ng gia t\u0103ng v\u1ec1 ph\u01b0\u01a1ng ti\u1ec7n di chuy\u1ec3n ph\u1ee5c v\u1ee5 du l\u1ecbch, c\u01b0\u1edbi h\u1ecfi, c\u00f4ng t\u00e1c hay s\u1ef1 ki\u1ec7n, C\u00f4ng ty TNHH \u0110\u1ea7u t\u01b0 Th\u01b0\u01a1ng m\u1ea1i v\u00e0 Du l\u1ecbch T\u00f9ng Anh \u0111\u00e3 ph\u00e1t tri\u1ec3n [&#8230;]\n","protected":false},"author":1,"featured_media":0,"parent":0,"menu_order":0,"comment_status":"closed","ping_status":"closed","template":"","meta":[],"acf":[],"_links":{"self":[{"href":"https:\/\/tunganhtransport.vn\/index.php?rest_route=\/wp\/v2\/pages\/229"}],"collection":[{"href":"https:\/\/tunganhtransport.vn\/index.php?rest_route=\/wp\/v2\/pages"}],"about":[{"href":"https:\/\/tunganhtransport.vn\/index.php?rest_route=\/wp\/v2\/types\/page"}],"author":[{"embeddable":true,"href":"https:\/\/tunganhtransport.vn\/index.php?rest_route=\/wp\/v2\/users\/1"}],"replies":[{"embeddable":true,"href":"https:\/\/tunganhtransport.vn\/index.php?rest_route=%2Fwp%2Fv2%2Fcomments&post=229"}],"version-history":[{"count":14,"href":"https:\/\/tunganhtransport.vn\/index.php?rest_route=\/wp\/v2\/pages\/229\/revisions"}],"predecessor-version":[{"id":893,"href":"https:\/\/tunganhtransport.vn\/index.php?rest_route=\/wp\/v2\/pages\/229\/revisions\/893"}],"wp:attachment":[{"href":"https:\/\/tunganhtransport.vn\/index.php?rest_route=%2Fwp%2Fv2%2Fmedia&parent=229"}],"curies":[{"name":"wp","href":"https:\/\/api.w.org\/{rel}","templated":true}]}}