{"id":227,"date":"2018-12-26T08:50:04","date_gmt":"2018-12-26T08:50:04","guid":{"rendered":"http:\/\/xedl.khomaudeprt.com\/?page_id=227"},"modified":"2025-07-31T08:36:31","modified_gmt":"2025-07-31T01:36:31","slug":"gioi-thieu","status":"publish","type":"page","link":"https:\/\/tunganhtransport.vn\/?page_id=227","title":{"rendered":"Gi\u1edbi thi\u1ec7u"},"content":{"rendered":"<p>Trong th\u1eddi \u0111\u1ea1i m\u00e0 an to\u00e0n giao th\u00f4ng v\u00e0 ch\u1ea5t l\u01b0\u1ee3ng d\u1ecbch v\u1ee5 ng\u00e0y c\u00e0ng \u0111\u01b0\u1ee3c \u0111\u1ec1 cao, T\u00f9ng Anh Transport t\u1ef1 h\u00e0o l\u00e0 m\u1ed9t trong nh\u1eefng \u0111\u01a1n v\u1ecb v\u1eadn t\u1ea3i uy t\u00edn t\u1ea1i H\u00e0 N\u1ed9i, chuy\u00ean cung c\u1ea5p d\u1ecbch v\u1ee5 \u0111\u01b0a \u0111\u00f3n h\u1ecdc sinh v\u00e0 cho thu\u00ea xe d\u1ecbch v\u1ee5 chuy\u00ean nghi\u1ec7p. V\u1edbi \u0111\u1ed9i ng\u0169 t\u00e0i x\u1ebf nhi\u1ec1u kinh nghi\u1ec7m, xe \u0111\u1eddi m\u1edbi, c\u00f9ng tinh th\u1ea7n ph\u1ee5c v\u1ee5 t\u1eadn t\u00e2m, ch\u00fang t\u00f4i mang \u0111\u1ebfn s\u1ef1 an t\u00e2m tr\u00ean m\u1ecdi ch\u1eb7ng \u0111\u01b0\u1eddng \u2013 t\u1eeb nh\u1eefng chuy\u1ebfn \u0111i h\u1ecdc h\u00e0ng ng\u00e0y \u0111\u1ebfn c\u00e1c h\u00e0nh tr\u00ecnh du l\u1ecbch, c\u00f4ng t\u00e1c.<\/p>\n<p><img loading=\"lazy\" src=\"https:\/\/tunganhtransport.vn\/wp-content\/uploads\/2025\/07\/2-20.jpg\" alt=\"\" width=\"1920\" height=\"1080\" class=\"alignnone size-full wp-image-918\" srcset=\"https:\/\/tunganhtransport.vn\/wp-content\/uploads\/2025\/07\/2-20.jpg 1920w, https:\/\/tunganhtransport.vn\/wp-content\/uploads\/2025\/07\/2-20-711x400.jpg 711w, https:\/\/tunganhtransport.vn\/wp-content\/uploads\/2025\/07\/2-20-1400x788.jpg 1400w, https:\/\/tunganhtransport.vn\/wp-content\/uploads\/2025\/07\/2-20-768x432.jpg 768w, https:\/\/tunganhtransport.vn\/wp-content\/uploads\/2025\/07\/2-20-1536x864.jpg 1536w, https:\/\/tunganhtransport.vn\/wp-content\/uploads\/2025\/07\/2-20-600x338.jpg 600w\" sizes=\"(max-width: 1920px) 100vw, 1920px\" \/><br \/>\n<strong>TH\u00d4NG TIN CHUNG<\/strong><br \/>\n\u2022\tT\u00ean c\u00f4ng ty: C\u00d4NG TY TNHH \u0110\u1ea6U T\u01af TH\u01af\u01a0NG M\u1ea0I V\u00c0 DU L\u1ecaCH T\u00d9NG ANH<br \/>\n\u2022\tT\u00ean n\u01b0\u1edbc ngo\u00e0i: TUNG ANH TOURISM &#038; TRADING INVESTMENT CO., LTD<br \/>\n\u2022\t\u0110\u1ecba ch\u1ec9: S\u1ed1 4 Ng\u00f5 569 L\u1ea1c Long Qu\u00e2n, Ph\u01b0\u1eddng T\u00e2y H\u1ed3, H\u00e0 N\u1ed9i<br \/>\n\u2022\tTr\u1ea1ng th\u00e1i: \u0110ang ho\u1ea1t \u0111\u1ed9ng<br \/>\n\u2022\tEmail: info@tunganhtransport.vn<br \/>\n\u2022\tWebsite: tunganhtransport.vn<br \/>\n\u2022\t\u0110i\u1ec7n tho\u1ea1i: 091.565. 3368<\/p>\n<p><strong>D\u1ecaCH V\u1ee4 CH\u00cdNH<\/strong><\/p>\n<p>1. D\u1ecbch v\u1ee5 xe \u0111\u01b0a \u0111\u00f3n h\u1ecdc sinh<br \/>\nT\u00f9ng Anh Transport cung c\u1ea5p d\u1ecbch v\u1ee5 xe \u0111\u01b0a \u0111\u00f3n h\u1ecdc sinh t\u1ea1i H\u00e0 N\u1ed9i, \u0111\u1ea3m b\u1ea3o an to\u00e0n \u2013 \u0111\u00fang gi\u1edd \u2013 \u0111\u00fang tuy\u1ebfn. Xe \u0111\u01b0\u1ee3c trang b\u1ecb \u0111\u1ea7y \u0111\u1ee7 camera gi\u00e1m s\u00e1t, \u0111\u1ecbnh v\u1ecb GPS, d\u00e2y an to\u00e0n, v\u00e0 h\u1ec7 th\u1ed1ng \u0111i\u1ec1u h\u00f2a ti\u00eau chu\u1ea9n. T\u00e0i x\u1ebf v\u00e0 gi\u00e1m s\u00e1t vi\u00ean th\u00e2n thi\u1ec7n \u0111\u1ec1u \u0111\u01b0\u1ee3c \u0111\u00e0o t\u1ea1o k\u1ef9 l\u01b0\u1ee1ng v\u1ec1 k\u1ef9 n\u0103ng \u1ee9ng x\u1eed v\u1edbi tr\u1ebb, x\u1eed l\u00fd t\u00ecnh hu\u1ed1ng.<\/p>\n<p>2. D\u1ecbch v\u1ee5 cho thu\u00ea xe d\u1ecbch v\u1ee5<br \/>\nCh\u00fang t\u00f4i cung c\u1ea5p \u0111a d\u1ea1ng lo\u1ea1i xe t\u1eeb 4 \u2013 45 ch\u1ed7, ph\u1ee5c v\u1ee5 c\u00e1c nhu c\u1ea7u thu\u00ea xe \u0111i du l\u1ecbch, c\u01b0\u1edbi h\u1ecfi, \u0111\u01b0a \u0111\u00f3n s\u00e2n bay, s\u1ef1 ki\u1ec7n, h\u1ed9i ngh\u1ecb&#8230; Gi\u00e1 c\u1ea3 c\u1ea1nh tranh, th\u1ee7 t\u1ee5c \u0111\u01a1n gi\u1ea3n, d\u1ecbch v\u1ee5 linh ho\u1ea1t ch\u00ednh l\u00e0 \u0111i\u1ec3m m\u1ea1nh gi\u00fap T\u00f9ng Anh Transport tr\u1edf th\u00e0nh l\u1ef1a ch\u1ecdn tin c\u1eady c\u1ee7a nhi\u1ec1u c\u00e1 nh\u00e2n v\u00e0 t\u1ed5 ch\u1ee9c.<\/p>\n<p><strong>N\u1ec0N T\u1ea2NG PH\u00c1T TRI\u1ec2N<\/strong><\/p>\n<p><strong>T\u1ea6M NH\u00ccN<\/strong><\/p>\n<p>L\u1ea5y ph\u01b0\u01a1ng ch\u00e2m: \u201cD\u1ecbch v\u1ee5 ch\u1ea5t l\u01b0\u1ee3ng \u2013 T\u0103ng tr\u01b0\u1edfng b\u1ec1n v\u1eefng\u201d l\u00e0m kim ch\u1ec9 nam, T\u00f9ng Anh Transport kh\u00f4ng ng\u1eebng m\u1edf r\u1ed9ng quy m\u00f4 v\u00e0 n\u00e2ng t\u1ea7m uy t\u00edn \u0111\u1ec3 tr\u1edf th\u00e0nh th\u01b0\u01a1ng hi\u1ec7u v\u1eadn t\u1ea3i \u0111\u00e1ng tin c\u1eady tr\u00ean to\u00e0n qu\u1ed1c \u2013 n\u01a1i m\u1ecdi h\u00e0nh tr\u00ecnh \u0111\u1ec1u \u0111\u01b0\u1ee3c b\u1eaft \u0111\u1ea7u b\u1eb1ng s\u1ef1 an t\u00e2m.<br \/>\n<img loading=\"lazy\" src=\"https:\/\/tunganhtransport.vn\/wp-content\/uploads\/2025\/06\/MEDMEDIA_169.jpg\" alt=\"\" width=\"1920\" height=\"986\" class=\"alignnone size-full wp-image-721\" srcset=\"https:\/\/tunganhtransport.vn\/wp-content\/uploads\/2025\/06\/MEDMEDIA_169.jpg 1920w, https:\/\/tunganhtransport.vn\/wp-content\/uploads\/2025\/06\/MEDMEDIA_169-779x400.jpg 779w, https:\/\/tunganhtransport.vn\/wp-content\/uploads\/2025\/06\/MEDMEDIA_169-1400x719.jpg 1400w, https:\/\/tunganhtransport.vn\/wp-content\/uploads\/2025\/06\/MEDMEDIA_169-768x394.jpg 768w, https:\/\/tunganhtransport.vn\/wp-content\/uploads\/2025\/06\/MEDMEDIA_169-1536x789.jpg 1536w, https:\/\/tunganhtransport.vn\/wp-content\/uploads\/2025\/06\/MEDMEDIA_169-600x308.jpg 600w\" sizes=\"(max-width: 1920px) 100vw, 1920px\" \/><\/p>\n<p><strong>S\u1ee8 M\u1ec6NH<\/strong><\/p>\n<p>\u0110\u1ed1i v\u1edbi kh\u00e1ch h\u00e0ng: Ch\u00fang t\u00f4i l\u00e0 ng\u01b0\u1eddi b\u1ea1n \u0111\u1ed3ng h\u00e0nh t\u1eadn t\u00e2m tr\u00ean t\u1eebng chuy\u1ebfn \u0111i, mang \u0111\u1ebfn gi\u1ea3i ph\u00e1p v\u1eadn chuy\u1ec3n th\u00f4ng minh \u2013 linh ho\u1ea1t \u2013 ti\u1ebft ki\u1ec7m, \u0111\u00e1p \u1ee9ng v\u01b0\u1ee3t mong \u0111\u1ee3i m\u1ecdi nhu c\u1ea7u t\u1eeb c\u00e1 nh\u00e2n \u0111\u1ebfn t\u1ed5 ch\u1ee9c.<\/p>\n<p>\u0110\u1ed1i v\u1edbi ng\u01b0\u1eddi lao \u0111\u1ed9ng &#038; x\u00e3 h\u1ed9i: T\u00f9ng Anh Transport cam k\u1ebft x\u00e2y d\u1ef1ng m\u00f4i tr\u01b0\u1eddng l\u00e0m vi\u1ec7c nh\u00e2n v\u0103n, n\u01a1i m\u1ed7i c\u00e1 nh\u00e2n \u0111\u01b0\u1ee3c ph\u00e1t tri\u1ec3n c\u00f9ng s\u1ef1 l\u1edbn m\u1ea1nh c\u1ee7a t\u1eadp th\u1ec3 \u2013 v\u00e0 g\u00f3p ph\u1ea7n d\u1ef1ng x\u00e2y m\u1ed9t x\u00e3 h\u1ed9i th\u1ecbnh v\u01b0\u1ee3ng, v\u0103n minh h\u01a1n m\u1ed7i ng\u00e0y.<\/p>\n<p><strong>GI\u00c1 TR\u1eca C\u1ed0T L\u00d5I<\/strong><\/p>\n<p>C\u1ea3i ti\u1ebfn kh\u00f4ng ng\u1eebng: Kh\u00e1ch h\u00e0ng ch\u00ednh l\u00e0 kim ch\u1ec9 nam \u0111\u1ec3 ch\u00fang t\u00f4i ho\u00e0n thi\u1ec7n d\u1ecbch v\u1ee5 m\u1ed7i ng\u00e0y \u2013 t\u1eeb ch\u1ea5t l\u01b0\u1ee3ng xe \u0111\u1ebfn phong c\u00e1ch ph\u1ee5c v\u1ee5.<\/p>\n<p>S\u00e1ng t\u1ea1o \u0111\u1ec3 kh\u00e1c bi\u1ec7t \u2013 Hi\u1ec7u qu\u1ea3 \u0111\u1ec3 b\u1ec1n l\u00e2u: C\u00f4ng ngh\u1ec7 hi\u1ec7n \u0111\u1ea1i l\u00e0 \u201ctr\u1ee3 l\u00fd \u0111\u1eafc l\u1ef1c\u201d gi\u00fap m\u1ed7i chuy\u1ebfn xe \u0111\u1ea1t hi\u1ec7u su\u1ea5t t\u1ed1i \u01b0u \u2013 \u0111\u00fang th\u1eddi gian, \u0111\u00fang ch\u1ea5t l\u01b0\u1ee3ng, \u0111\u00fang cam k\u1ebft.<\/p>\n<p>Chuy\u00ean nghi\u1ec7p &#038; H\u1ee3p t\u00e1c: Ch\u00fang t\u00f4i l\u00e0m vi\u1ec7c v\u1edbi tinh th\u1ea7n tr\u00e1ch nhi\u1ec7m cao, k\u1ebft n\u1ed1i ch\u1eb7t ch\u1ebd v\u1edbi c\u00e1c \u0111\u1ed1i t\u00e1c, x\u00e2y d\u1ef1ng h\u1ec7 sinh th\u00e1i v\u1eadn t\u1ea3i th\u00e2n thi\u1ec7n \u2013 hi\u1ec7u qu\u1ea3 \u2013 b\u1ec1n v\u1eefng.<br \/>\n<img loading=\"lazy\" src=\"https:\/\/tunganhtransport.vn\/wp-content\/uploads\/2025\/06\/MEDMEDIA_140.jpg\" alt=\"\" width=\"1920\" height=\"986\" class=\"alignnone size-full wp-image-722\" srcset=\"https:\/\/tunganhtransport.vn\/wp-content\/uploads\/2025\/06\/MEDMEDIA_140.jpg 1920w, https:\/\/tunganhtransport.vn\/wp-content\/uploads\/2025\/06\/MEDMEDIA_140-779x400.jpg 779w, https:\/\/tunganhtransport.vn\/wp-content\/uploads\/2025\/06\/MEDMEDIA_140-1400x719.jpg 1400w, https:\/\/tunganhtransport.vn\/wp-content\/uploads\/2025\/06\/MEDMEDIA_140-768x394.jpg 768w, https:\/\/tunganhtransport.vn\/wp-content\/uploads\/2025\/06\/MEDMEDIA_140-1536x789.jpg 1536w, https:\/\/tunganhtransport.vn\/wp-content\/uploads\/2025\/06\/MEDMEDIA_140-600x308.jpg 600w\" sizes=\"(max-width: 1920px) 100vw, 1920px\" \/><\/p>\n","protected":false},"excerpt":{"rendered":"<p>Trong th\u1eddi \u0111\u1ea1i m\u00e0 an to\u00e0n giao th\u00f4ng v\u00e0 ch\u1ea5t l\u01b0\u1ee3ng d\u1ecbch v\u1ee5 ng\u00e0y c\u00e0ng \u0111\u01b0\u1ee3c \u0111\u1ec1 cao, T\u00f9ng Anh Transport t\u1ef1 h\u00e0o l\u00e0 m\u1ed9t trong nh\u1eefng \u0111\u01a1n v\u1ecb v\u1eadn t\u1ea3i uy t\u00edn t\u1ea1i H\u00e0 N\u1ed9i, chuy\u00ean cung c\u1ea5p d\u1ecbch v\u1ee5 \u0111\u01b0a \u0111\u00f3n h\u1ecdc sinh v\u00e0 cho thu\u00ea xe d\u1ecbch v\u1ee5 chuy\u00ean nghi\u1ec7p. V\u1edbi \u0111\u1ed9i [&#8230;]\n","protected":false},"author":1,"featured_media":0,"parent":0,"menu_order":0,"comment_status":"closed","ping_status":"closed","template":"","meta":[],"acf":[],"_links":{"self":[{"href":"https:\/\/tunganhtransport.vn\/index.php?rest_route=\/wp\/v2\/pages\/227"}],"collection":[{"href":"https:\/\/tunganhtransport.vn\/index.php?rest_route=\/wp\/v2\/pages"}],"about":[{"href":"https:\/\/tunganhtransport.vn\/index.php?rest_route=\/wp\/v2\/types\/page"}],"author":[{"embeddable":true,"href":"https:\/\/tunganhtransport.vn\/index.php?rest_route=\/wp\/v2\/users\/1"}],"replies":[{"embeddable":true,"href":"https:\/\/tunganhtransport.vn\/index.php?rest_route=%2Fwp%2Fv2%2Fcomments&post=227"}],"version-history":[{"count":16,"href":"https:\/\/tunganhtransport.vn\/index.php?rest_route=\/wp\/v2\/pages\/227\/revisions"}],"predecessor-version":[{"id":919,"href":"https:\/\/tunganhtransport.vn\/index.php?rest_route=\/wp\/v2\/pages\/227\/revisions\/919"}],"wp:attachment":[{"href":"https:\/\/tunganhtransport.vn\/index.php?rest_route=%2Fwp%2Fv2%2Fmedia&parent=227"}],"curies":[{"name":"wp","href":"https:\/\/api.w.org\/{rel}","templated":true}]}}